{"id":1682,"date":"2025-04-25T17:34:10","date_gmt":"2025-04-25T15:34:10","guid":{"rendered":"https:\/\/www.serwer1815201.home.pl\/eseguro\/?page_id=1682"},"modified":"2025-04-25T20:22:10","modified_gmt":"2025-04-25T18:22:10","slug":"klimatyzacja","status":"publish","type":"page","link":"https:\/\/www.eseguro.pl\/?page_id=1682","title":{"rendered":"Klimatyzacja"},"content":{"rendered":"\t\t<div data-elementor-type=\"wp-page\" data-elementor-id=\"1682\" class=\"elementor elementor-1682\">\n\t\t\t\t\t\t\t\t\t<section class=\"elementor-section elementor-top-section elementor-element elementor-element-848bae1 elementor-section-full_width elementor-section-stretched elementor-section-height-default elementor-section-height-default\" data-id=\"848bae1\" data-element_type=\"section\" data-settings=\"{&quot;stretch_section&quot;:&quot;section-stretched&quot;}\">\n\t\t\t\t\t\t<div class=\"elementor-container elementor-column-gap-no\">\n\t\t\t\t\t<div class=\"elementor-column elementor-col-100 elementor-top-column elementor-element elementor-element-27c76f8\" data-id=\"27c76f8\" data-element_type=\"column\">\n\t\t\t<div class=\"elementor-widget-wrap elementor-element-populated\">\n\t\t\t\t\t\t\t\t<div class=\"elementor-element elementor-element-b3c9e67 elementor-widget elementor-widget-image\" data-id=\"b3c9e67\" data-element_type=\"widget\" data-widget_type=\"image.default\">\n\t\t\t\t<div class=\"elementor-widget-container\">\n\t\t\t<style>\/*! elementor - v3.13.2 - 11-05-2023 *\/\n.elementor-widget-image{text-align:center}.elementor-widget-image a{display:inline-block}.elementor-widget-image a img[src$=\".svg\"]{width:48px}.elementor-widget-image img{vertical-align:middle;display:inline-block}<\/style>\t\t\t\t\t\t\t\t\t\t\t\t<img loading=\"lazy\" decoding=\"async\" width=\"1800\" height=\"600\" src=\"https:\/\/www.eseguro.pl\/wp-content\/uploads\/2025\/04\/1SDKlima.jpg\" class=\"attachment-full size-full wp-image-1717\" alt=\"\" srcset=\"https:\/\/www.eseguro.pl\/wp-content\/uploads\/2025\/04\/1SDKlima.jpg 1800w, https:\/\/www.eseguro.pl\/wp-content\/uploads\/2025\/04\/1SDKlima-300x100.jpg 300w, https:\/\/www.eseguro.pl\/wp-content\/uploads\/2025\/04\/1SDKlima-1024x341.jpg 1024w, https:\/\/www.eseguro.pl\/wp-content\/uploads\/2025\/04\/1SDKlima-768x256.jpg 768w, https:\/\/www.eseguro.pl\/wp-content\/uploads\/2025\/04\/1SDKlima-1536x512.jpg 1536w\" sizes=\"auto, (max-width: 1800px) 100vw, 1800px\" \/>\t\t\t\t\t\t\t\t\t\t\t\t\t\t\t<\/div>\n\t\t\t\t<\/div>\n\t\t\t\t\t<\/div>\n\t\t<\/div>\n\t\t\t\t\t\t\t<\/div>\n\t\t<\/section>\n\t\t\t\t<section class=\"elementor-section elementor-top-section elementor-element elementor-element-d4c8747 elementor-section-boxed elementor-section-height-default elementor-section-height-default\" data-id=\"d4c8747\" data-element_type=\"section\">\n\t\t\t\t\t\t<div class=\"elementor-container elementor-column-gap-default\">\n\t\t\t\t\t<div class=\"elementor-column elementor-col-100 elementor-top-column elementor-element elementor-element-6be36a7\" data-id=\"6be36a7\" data-element_type=\"column\">\n\t\t\t<div class=\"elementor-widget-wrap elementor-element-populated\">\n\t\t\t\t\t\t\t\t<div class=\"elementor-element elementor-element-5f58673 elementor-widget elementor-widget-spacer\" data-id=\"5f58673\" data-element_type=\"widget\" data-widget_type=\"spacer.default\">\n\t\t\t\t<div class=\"elementor-widget-container\">\n\t\t\t<style>\/*! elementor - v3.13.2 - 11-05-2023 *\/\n.elementor-column .elementor-spacer-inner{height:var(--spacer-size)}.e-con{--container-widget-width:100%}.e-con-inner>.elementor-widget-spacer,.e-con>.elementor-widget-spacer{width:var(--container-widget-width,var(--spacer-size));--align-self:var(--container-widget-align-self,initial);--flex-shrink:0}.e-con-inner>.elementor-widget-spacer>.elementor-widget-container,.e-con-inner>.elementor-widget-spacer>.elementor-widget-container>.elementor-spacer,.e-con>.elementor-widget-spacer>.elementor-widget-container,.e-con>.elementor-widget-spacer>.elementor-widget-container>.elementor-spacer{height:100%}.e-con-inner>.elementor-widget-spacer>.elementor-widget-container>.elementor-spacer>.elementor-spacer-inner,.e-con>.elementor-widget-spacer>.elementor-widget-container>.elementor-spacer>.elementor-spacer-inner{height:var(--container-widget-height,var(--spacer-size))}<\/style>\t\t<div class=\"elementor-spacer\">\n\t\t\t<div class=\"elementor-spacer-inner\"><\/div>\n\t\t<\/div>\n\t\t\t\t<\/div>\n\t\t\t\t<\/div>\n\t\t\t\t<div class=\"elementor-element elementor-element-b31166e elementor-widget elementor-widget-heading\" data-id=\"b31166e\" data-element_type=\"widget\" data-widget_type=\"heading.default\">\n\t\t\t\t<div class=\"elementor-widget-container\">\n\t\t\t<style>\/*! elementor - v3.13.2 - 11-05-2023 *\/\n.elementor-heading-title{padding:0;margin:0;line-height:1}.elementor-widget-heading .elementor-heading-title[class*=elementor-size-]>a{color:inherit;font-size:inherit;line-height:inherit}.elementor-widget-heading .elementor-heading-title.elementor-size-small{font-size:15px}.elementor-widget-heading .elementor-heading-title.elementor-size-medium{font-size:19px}.elementor-widget-heading .elementor-heading-title.elementor-size-large{font-size:29px}.elementor-widget-heading .elementor-heading-title.elementor-size-xl{font-size:39px}.elementor-widget-heading .elementor-heading-title.elementor-size-xxl{font-size:59px}<\/style><h1 class=\"elementor-heading-title elementor-size-default\">KLIMATYZACJA<\/h1>\t\t<\/div>\n\t\t\t\t<\/div>\n\t\t\t\t<div class=\"elementor-element elementor-element-ad9a361 elementor-widget elementor-widget-text-editor\" data-id=\"ad9a361\" data-element_type=\"widget\" data-widget_type=\"text-editor.default\">\n\t\t\t\t<div class=\"elementor-widget-container\">\n\t\t\t<style>\/*! elementor - v3.13.2 - 11-05-2023 *\/\n.elementor-widget-text-editor.elementor-drop-cap-view-stacked .elementor-drop-cap{background-color:#69727d;color:#fff}.elementor-widget-text-editor.elementor-drop-cap-view-framed .elementor-drop-cap{color:#69727d;border:3px solid;background-color:transparent}.elementor-widget-text-editor:not(.elementor-drop-cap-view-default) .elementor-drop-cap{margin-top:8px}.elementor-widget-text-editor:not(.elementor-drop-cap-view-default) .elementor-drop-cap-letter{width:1em;height:1em}.elementor-widget-text-editor .elementor-drop-cap{float:left;text-align:center;line-height:1;font-size:50px}.elementor-widget-text-editor .elementor-drop-cap-letter{display:inline-block}<\/style>\t\t\t\t<p>Diagnostyka i Serwis Klimatyzacji \u2013 Komfort Jazdy przez Ca\u0142y Rok.<br \/>W naszej stacji diagnostycznej oferujemy kompleksowe us\u0142ugi zwi\u0105zane z klimatyzacj\u0105 w Twoim poje\u017adzie. Niezale\u017cnie od pory roku, sprawna klimatyzacja to klucz do komfortowej i bezpiecznej jazdy. Nasz zesp\u00f3\u0142 wykwalifikowanych specjalist\u00f3w zadba o to, aby system klimatyzacji w Twoim samochodzie dzia\u0142a\u0142 bez zarzutu, zapewniaj\u0105c przyjemny ch\u0142\u00f3d latem oraz przytulne ciep\u0142o zim\u0105.<\/p>\t\t\t\t\t\t<\/div>\n\t\t\t\t<\/div>\n\t\t\t\t<div class=\"elementor-element elementor-element-9c37785 elementor-widget elementor-widget-heading\" data-id=\"9c37785\" data-element_type=\"widget\" data-widget_type=\"heading.default\">\n\t\t\t\t<div class=\"elementor-widget-container\">\n\t\t\t<h1 class=\"elementor-heading-title elementor-size-default\">Dlaczego warto dba\u0107 o klimatyzacj\u0119?<\/h1>\t\t<\/div>\n\t\t\t\t<\/div>\n\t\t\t\t<div class=\"elementor-element elementor-element-1cddec1 elementor-widget elementor-widget-text-editor\" data-id=\"1cddec1\" data-element_type=\"widget\" data-widget_type=\"text-editor.default\">\n\t\t\t\t<div class=\"elementor-widget-container\">\n\t\t\t\t\t\t\t<p>Klimatyzacja to nie tylko luksus, ale tak\u017ce element, kt\u00f3ry wp\u0142ywa na bezpiecze\u0144stwo i komfort jazdy. System klimatyzacji w samochodzie nie tylko ch\u0142odzi powietrze w gor\u0105ce dni, ale tak\u017ce odpowiada za osuszanie wn\u0119trza pojazdu, co ma kluczowe znaczenie w czasie deszczu czy w okresach wilgotnej pogody.<\/p><p>Regularne serwisowanie klimatyzacji pozwala unikn\u0105\u0107:<\/p><ul><li>Utraty wydajno\u015bci \u2013 Nieszczelno\u015bci, uszkodzenia podzespo\u0142\u00f3w czy niski poziom czynnika ch\u0142odz\u0105cego mog\u0105 sprawi\u0107, \u017ce klimatyzacja przestaje dzia\u0142a\u0107 tak efektywnie, jak powinna.<\/li><li>Nieprzyjemnych zapach\u00f3w \u2013 Nagromadzenie wilgoci w uk\u0142adzie klimatyzacji mo\u017ce prowadzi\u0107 do rozwoju bakterii i ple\u015bni, kt\u00f3re skutkuj\u0105 nieprzyjemnym zapachem wewn\u0105trz pojazdu.<\/li><li>Wzrostu zu\u017cycia paliwa \u2013 Niedzia\u0142aj\u0105ca lub \u017ale dzia\u0142aj\u0105ca klimatyzacja mo\u017ce zwi\u0119kszy\u0107 zu\u017cycie paliwa, poniewa\u017c system staje si\u0119 mniej efektywny.<\/li><\/ul>\t\t\t\t\t\t<\/div>\n\t\t\t\t<\/div>\n\t\t\t\t<div class=\"elementor-element elementor-element-9b79eb6 elementor-widget elementor-widget-heading\" data-id=\"9b79eb6\" data-element_type=\"widget\" data-widget_type=\"heading.default\">\n\t\t\t\t<div class=\"elementor-widget-container\">\n\t\t\t<h1 class=\"elementor-heading-title elementor-size-default\">Co oferujemy w zakresie klimatyzacji?<\/h1>\t\t<\/div>\n\t\t\t\t<\/div>\n\t\t\t\t<div class=\"elementor-element elementor-element-83b6cca elementor-widget elementor-widget-text-editor\" data-id=\"83b6cca\" data-element_type=\"widget\" data-widget_type=\"text-editor.default\">\n\t\t\t\t<div class=\"elementor-widget-container\">\n\t\t\t\t\t\t\t<p><strong>Diagnostyka systemu klimatyzacji<\/strong><br \/>Wykonujemy dok\u0142adn\u0105 diagnoz\u0119 stanu technicznego klimatyzacji, sprawdzaj\u0105c poziom czynnika ch\u0142odz\u0105cego, szczelno\u015b\u0107 uk\u0142adu, stan filtr\u00f3w oraz og\u00f3ln\u0105 wydajno\u015b\u0107 systemu. Dzi\u0119ki nowoczesnym urz\u0105dzeniom diagnostycznym, jeste\u015bmy w stanie szybko wykry\u0107 ewentualne usterki.<\/p><p><strong>Nape\u0142nianie klimatyzacji<\/strong><br \/>Regularne uzupe\u0142nianie czynnika ch\u0142odz\u0105cego jest niezb\u0119dne do utrzymania prawid\u0142owej wydajno\u015bci klimatyzacji. Nasz serwis umo\u017cliwia nape\u0142nianie uk\u0142adu klimatyzacji odpowiedni\u0105 ilo\u015bci\u0105 czynnika, dostosowan\u0105 do specyfikacji producenta pojazdu.<\/p><p><strong>Czyszczenie i dezynfekcja klimatyzacji<\/strong><br \/>W ramach serwisowania klimatyzacji oferujemy r\u00f3wnie\u017c czyszczenie parownika oraz dezynfekcj\u0119 uk\u0142adu. Usuwamy nieprzyjemne zapachy i bakterie, kt\u00f3re mog\u0105 gromadzi\u0107 si\u0119 w wilgotnym \u015brodowisku uk\u0142adu, co wp\u0142ywa na jako\u015b\u0107 powietrza w kabinie pojazdu.<\/p><p><strong>Sprawdzanie szczelno\u015bci uk\u0142adu<\/strong><br \/>Zajmujemy si\u0119 wykrywaniem i usuwaniem nieszczelno\u015bci w uk\u0142adzie klimatyzacji, kt\u00f3re mog\u0105 prowadzi\u0107 do utraty czynnika ch\u0142odz\u0105cego. Regularne sprawdzanie szczelno\u015bci pomaga unikn\u0105\u0107 kosztownych napraw.<\/p><p><strong>Wymiana filtr\u00f3w kabinowych<\/strong><br \/>Filtr kabinowy odpowiada za oczyszczanie powietrza wchodz\u0105cego do wn\u0119trza pojazdu. Jego regularna wymiana poprawia jako\u015b\u0107 powietrza i zwi\u0119ksza komfort jazdy. Zajmujemy si\u0119 wymian\u0105 filtr\u00f3w kabinowych, aby zapewni\u0107 \u015bwie\u017ce i czyste powietrze w kabinie.<\/p>\t\t\t\t\t\t<\/div>\n\t\t\t\t<\/div>\n\t\t\t\t<div class=\"elementor-element elementor-element-3b9ca1b elementor-widget elementor-widget-heading\" data-id=\"3b9ca1b\" data-element_type=\"widget\" data-widget_type=\"heading.default\">\n\t\t\t\t<div class=\"elementor-widget-container\">\n\t\t\t<h1 class=\"elementor-heading-title elementor-size-default\">Kiedy warto skorzysta\u0107 z serwisu klimatyzacji?<\/h1>\t\t<\/div>\n\t\t\t\t<\/div>\n\t\t\t\t<div class=\"elementor-element elementor-element-0e13660 elementor-widget elementor-widget-text-editor\" data-id=\"0e13660\" data-element_type=\"widget\" data-widget_type=\"text-editor.default\">\n\t\t\t\t<div class=\"elementor-widget-container\">\n\t\t\t\t\t\t\t<p>Na pocz\u0105tku sezonu letniego \u2013 Regularne serwisowanie klimatyzacji przed nadchodz\u0105cymi upa\u0142ami pozwala unikn\u0105\u0107 niespodzianek i zapewnia komfort jazdy przez ca\u0142y sezon.<br \/>Je\u015bli klimatyzacja nie dzia\u0142a prawid\u0142owo \u2013 Je\u015bli zauwa\u017cy\u0142e\u015b, \u017ce klimatyzacja nie ch\u0142odzi tak efektywnie jak kiedy\u015b lub wydaje nieprzyjemne zapachy, warto jak najszybciej skorzysta\u0107 z serwisu.<br \/>Co 2-3 lata \u2013 Dla zapewnienia d\u0142ugotrwa\u0142ej wydajno\u015bci systemu, zaleca si\u0119 serwisowanie klimatyzacji co 2-3 lata, nawet je\u015bli nie wyst\u0119puj\u0105 widoczne problemy.<\/p>\t\t\t\t\t\t<\/div>\n\t\t\t\t<\/div>\n\t\t\t\t<div class=\"elementor-element elementor-element-67fc5a0 elementor-widget elementor-widget-heading\" data-id=\"67fc5a0\" data-element_type=\"widget\" data-widget_type=\"heading.default\">\n\t\t\t\t<div class=\"elementor-widget-container\">\n\t\t\t<h1 class=\"elementor-heading-title elementor-size-default\">Korzy\u015bci z serwisowania klimatyzacji:<\/h1>\t\t<\/div>\n\t\t\t\t<\/div>\n\t\t\t\t<div class=\"elementor-element elementor-element-8c63fa3 elementor-widget elementor-widget-text-editor\" data-id=\"8c63fa3\" data-element_type=\"widget\" data-widget_type=\"text-editor.default\">\n\t\t\t\t<div class=\"elementor-widget-container\">\n\t\t\t\t\t\t\t<ul><li>Komfort jazdy przez ca\u0142y rok \u2013 Efektywnie dzia\u0142aj\u0105ca klimatyzacja zapewnia komfortow\u0105 temperatur\u0119 w samochodzie w ka\u017cdych warunkach atmosferycznych.<\/li><li>Zwi\u0119kszona wydajno\u015b\u0107 \u2013 Regularne serwisowanie pozwala utrzyma\u0107 klimatyzacj\u0119 w pe\u0142nej sprawno\u015bci, co przek\u0142ada si\u0119 na mniejsze zu\u017cycie paliwa i wi\u0119ksz\u0105 efektywno\u015b\u0107 ch\u0142odzenia.<\/li><li>Dba\u0142o\u015b\u0107 o zdrowie \u2013 Usuwanie bakterii, grzyb\u00f3w i nieprzyjemnych zapach\u00f3w z uk\u0142adu klimatyzacji poprawia jako\u015b\u0107 powietrza w kabinie, co jest istotne szczeg\u00f3lnie dla os\u00f3b z alergiami.<\/li><\/ul>\t\t\t\t\t\t<\/div>\n\t\t\t\t<\/div>\n\t\t\t\t<div class=\"elementor-element elementor-element-ec69740 elementor-widget elementor-widget-heading\" data-id=\"ec69740\" data-element_type=\"widget\" data-widget_type=\"heading.default\">\n\t\t\t\t<div class=\"elementor-widget-container\">\n\t\t\t<h1 class=\"elementor-heading-title elementor-size-default\">Zadbaj o swoj\u0105 klimatyzacj\u0119 ju\u017c teraz!<\/h1>\t\t<\/div>\n\t\t\t\t<\/div>\n\t\t\t\t<div class=\"elementor-element elementor-element-cadae81 elementor-widget elementor-widget-text-editor\" data-id=\"cadae81\" data-element_type=\"widget\" data-widget_type=\"text-editor.default\">\n\t\t\t\t<div class=\"elementor-widget-container\">\n\t\t\t\t\t\t\t<p>Skontaktuj si\u0119 z nami, um\u00f3w wizyt\u0119 i ciesz si\u0119 \u015bwie\u017cym i ch\u0142odnym powietrzem w ka\u017cdym sezonie. Nasi specjali\u015bci zadbaj\u0105 o Twoj\u0105 klimatyzacj\u0119, aby\u015b m\u00f3g\u0142 w pe\u0142ni cieszy\u0107 si\u0119 komfortem jazdy, niezale\u017cnie od warunk\u00f3w pogodowych!<\/p><p>Zapraszamy do naszej stacji diagnostycznej \u2013 Tw\u00f3j komfort i bezpiecze\u0144stwo s\u0105 dla nas priorytetem! <\/p>\t\t\t\t\t\t<\/div>\n\t\t\t\t<\/div>\n\t\t\t\t<div class=\"elementor-element elementor-element-0cb8933 elementor-widget-divider--view-line elementor-widget elementor-widget-divider\" data-id=\"0cb8933\" data-element_type=\"widget\" data-widget_type=\"divider.default\">\n\t\t\t\t<div class=\"elementor-widget-container\">\n\t\t\t<style>\/*! elementor - v3.13.2 - 11-05-2023 *\/\n.elementor-widget-divider{--divider-border-style:none;--divider-border-width:1px;--divider-color:#0c0d0e;--divider-icon-size:20px;--divider-element-spacing:10px;--divider-pattern-height:24px;--divider-pattern-size:20px;--divider-pattern-url:none;--divider-pattern-repeat:repeat-x}.elementor-widget-divider .elementor-divider{display:flex}.elementor-widget-divider .elementor-divider__text{font-size:15px;line-height:1;max-width:95%}.elementor-widget-divider .elementor-divider__element{margin:0 var(--divider-element-spacing);flex-shrink:0}.elementor-widget-divider .elementor-icon{font-size:var(--divider-icon-size)}.elementor-widget-divider .elementor-divider-separator{display:flex;margin:0;direction:ltr}.elementor-widget-divider--view-line_icon .elementor-divider-separator,.elementor-widget-divider--view-line_text .elementor-divider-separator{align-items:center}.elementor-widget-divider--view-line_icon .elementor-divider-separator:after,.elementor-widget-divider--view-line_icon .elementor-divider-separator:before,.elementor-widget-divider--view-line_text .elementor-divider-separator:after,.elementor-widget-divider--view-line_text .elementor-divider-separator:before{display:block;content:\"\";border-bottom:0;flex-grow:1;border-top:var(--divider-border-width) var(--divider-border-style) var(--divider-color)}.elementor-widget-divider--element-align-left .elementor-divider .elementor-divider-separator>.elementor-divider__svg:first-of-type{flex-grow:0;flex-shrink:100}.elementor-widget-divider--element-align-left .elementor-divider-separator:before{content:none}.elementor-widget-divider--element-align-left .elementor-divider__element{margin-left:0}.elementor-widget-divider--element-align-right .elementor-divider .elementor-divider-separator>.elementor-divider__svg:last-of-type{flex-grow:0;flex-shrink:100}.elementor-widget-divider--element-align-right .elementor-divider-separator:after{content:none}.elementor-widget-divider--element-align-right .elementor-divider__element{margin-right:0}.elementor-widget-divider:not(.elementor-widget-divider--view-line_text):not(.elementor-widget-divider--view-line_icon) .elementor-divider-separator{border-top:var(--divider-border-width) var(--divider-border-style) var(--divider-color)}.elementor-widget-divider--separator-type-pattern{--divider-border-style:none}.elementor-widget-divider--separator-type-pattern.elementor-widget-divider--view-line .elementor-divider-separator,.elementor-widget-divider--separator-type-pattern:not(.elementor-widget-divider--view-line) .elementor-divider-separator:after,.elementor-widget-divider--separator-type-pattern:not(.elementor-widget-divider--view-line) .elementor-divider-separator:before,.elementor-widget-divider--separator-type-pattern:not([class*=elementor-widget-divider--view]) .elementor-divider-separator{width:100%;min-height:var(--divider-pattern-height);-webkit-mask-size:var(--divider-pattern-size) 100%;mask-size:var(--divider-pattern-size) 100%;-webkit-mask-repeat:var(--divider-pattern-repeat);mask-repeat:var(--divider-pattern-repeat);background-color:var(--divider-color);-webkit-mask-image:var(--divider-pattern-url);mask-image:var(--divider-pattern-url)}.elementor-widget-divider--no-spacing{--divider-pattern-size:auto}.elementor-widget-divider--bg-round{--divider-pattern-repeat:round}.rtl .elementor-widget-divider .elementor-divider__text{direction:rtl}.e-con-inner>.elementor-widget-divider,.e-con>.elementor-widget-divider{width:var(--container-widget-width,100%);--flex-grow:var(--container-widget-flex-grow)}<\/style>\t\t<div class=\"elementor-divider\">\n\t\t\t<span class=\"elementor-divider-separator\">\n\t\t\t\t\t\t<\/span>\n\t\t<\/div>\n\t\t\t\t<\/div>\n\t\t\t\t<\/div>\n\t\t\t\t\t<\/div>\n\t\t<\/div>\n\t\t\t\t\t\t\t<\/div>\n\t\t<\/section>\n\t\t\t\t\t\t\t<\/div>\n\t\t","protected":false},"excerpt":{"rendered":"<p>KLIMATYZACJA Diagnostyka i Serwis Klimatyzacji \u2013 Komfort Jazdy przez Ca\u0142y Rok.W naszej stacji diagnostycznej oferujemy kompleksowe us\u0142ugi zwi\u0105zane z klimatyzacj\u0105 w Twoim poje\u017adzie. Niezale\u017cnie od pory roku, sprawna klimatyzacja to klucz do komfortowej i bezpiecznej jazdy. Nasz zesp\u00f3\u0142 wykwalifikowanych specjalist\u00f3w zadba o to, aby system klimatyzacji w Twoim samochodzie dzia\u0142a\u0142 bez zarzutu, zapewniaj\u0105c przyjemny ch\u0142\u00f3d [&hellip;]<\/p>\n","protected":false},"author":1,"featured_media":0,"parent":1214,"menu_order":0,"comment_status":"closed","ping_status":"closed","template":"","meta":{"ocean_post_layout":"full-screen","ocean_both_sidebars_style":"","ocean_both_sidebars_content_width":0,"ocean_both_sidebars_sidebars_width":0,"ocean_sidebar":"","ocean_second_sidebar":"","ocean_disable_margins":"enable","ocean_add_body_class":"","ocean_shortcode_before_top_bar":"","ocean_shortcode_after_top_bar":"","ocean_shortcode_before_header":"","ocean_shortcode_after_header":"","ocean_has_shortcode":"","ocean_shortcode_after_title":"","ocean_shortcode_before_footer_widgets":"","ocean_shortcode_after_footer_widgets":"","ocean_shortcode_before_footer_bottom":"","ocean_shortcode_after_footer_bottom":"","ocean_display_top_bar":"default","ocean_display_header":"default","ocean_header_style":"","ocean_center_header_left_menu":"","ocean_custom_header_template":"","ocean_custom_logo":0,"ocean_custom_retina_logo":0,"ocean_custom_logo_max_width":0,"ocean_custom_logo_tablet_max_width":0,"ocean_custom_logo_mobile_max_width":0,"ocean_custom_logo_max_height":0,"ocean_custom_logo_tablet_max_height":0,"ocean_custom_logo_mobile_max_height":0,"ocean_header_custom_menu":"","ocean_menu_typo_font_family":"","ocean_menu_typo_font_subset":"","ocean_menu_typo_font_size":0,"ocean_menu_typo_font_size_tablet":0,"ocean_menu_typo_font_size_mobile":0,"ocean_menu_typo_font_size_unit":"px","ocean_menu_typo_font_weight":"","ocean_menu_typo_font_weight_tablet":"","ocean_menu_typo_font_weight_mobile":"","ocean_menu_typo_transform":"","ocean_menu_typo_transform_tablet":"","ocean_menu_typo_transform_mobile":"","ocean_menu_typo_line_height":0,"ocean_menu_typo_line_height_tablet":0,"ocean_menu_typo_line_height_mobile":0,"ocean_menu_typo_line_height_unit":"","ocean_menu_typo_spacing":0,"ocean_menu_typo_spacing_tablet":0,"ocean_menu_typo_spacing_mobile":0,"ocean_menu_typo_spacing_unit":"","ocean_menu_link_color":"","ocean_menu_link_color_hover":"","ocean_menu_link_color_active":"","ocean_menu_link_background":"","ocean_menu_link_hover_background":"","ocean_menu_link_active_background":"","ocean_menu_social_links_bg":"","ocean_menu_social_hover_links_bg":"","ocean_menu_social_links_color":"","ocean_menu_social_hover_links_color":"","ocean_disable_title":"on","ocean_disable_heading":"default","ocean_post_title":"","ocean_post_subheading":"","ocean_post_title_style":"","ocean_post_title_background_color":"","ocean_post_title_background":0,"ocean_post_title_bg_image_position":"","ocean_post_title_bg_image_attachment":"","ocean_post_title_bg_image_repeat":"","ocean_post_title_bg_image_size":"","ocean_post_title_height":0,"ocean_post_title_bg_overlay":0.5,"ocean_post_title_bg_overlay_color":"","ocean_disable_breadcrumbs":"default","ocean_breadcrumbs_color":"","ocean_breadcrumbs_separator_color":"","ocean_breadcrumbs_links_color":"","ocean_breadcrumbs_links_hover_color":"","ocean_display_footer_widgets":"default","ocean_display_footer_bottom":"default","ocean_custom_footer_template":"","footnotes":""},"class_list":["post-1682","page","type-page","status-publish","hentry","entry"],"_links":{"self":[{"href":"https:\/\/www.eseguro.pl\/index.php?rest_route=\/wp\/v2\/pages\/1682","targetHints":{"allow":["GET"]}}],"collection":[{"href":"https:\/\/www.eseguro.pl\/index.php?rest_route=\/wp\/v2\/pages"}],"about":[{"href":"https:\/\/www.eseguro.pl\/index.php?rest_route=\/wp\/v2\/types\/page"}],"author":[{"embeddable":true,"href":"https:\/\/www.eseguro.pl\/index.php?rest_route=\/wp\/v2\/users\/1"}],"replies":[{"embeddable":true,"href":"https:\/\/www.eseguro.pl\/index.php?rest_route=%2Fwp%2Fv2%2Fcomments&post=1682"}],"version-history":[{"count":10,"href":"https:\/\/www.eseguro.pl\/index.php?rest_route=\/wp\/v2\/pages\/1682\/revisions"}],"predecessor-version":[{"id":1726,"href":"https:\/\/www.eseguro.pl\/index.php?rest_route=\/wp\/v2\/pages\/1682\/revisions\/1726"}],"up":[{"embeddable":true,"href":"https:\/\/www.eseguro.pl\/index.php?rest_route=\/wp\/v2\/pages\/1214"}],"wp:attachment":[{"href":"https:\/\/www.eseguro.pl\/index.php?rest_route=%2Fwp%2Fv2%2Fmedia&parent=1682"}],"curies":[{"name":"wp","href":"https:\/\/api.w.org\/{rel}","templated":true}]}}