{"id":1680,"date":"2025-04-25T17:33:17","date_gmt":"2025-04-25T15:33:17","guid":{"rendered":"https:\/\/www.serwer1815201.home.pl\/eseguro\/?page_id=1680"},"modified":"2025-04-25T20:14:00","modified_gmt":"2025-04-25T18:14:00","slug":"zbieznosc","status":"publish","type":"page","link":"https:\/\/www.eseguro.pl\/?page_id=1680","title":{"rendered":"Zbie\u017cno\u015b\u0107"},"content":{"rendered":"\t\t<div data-elementor-type=\"wp-page\" data-elementor-id=\"1680\" class=\"elementor elementor-1680\">\n\t\t\t\t\t\t\t\t\t<section class=\"elementor-section elementor-top-section elementor-element elementor-element-236a435 elementor-section-full_width elementor-section-stretched elementor-section-height-default elementor-section-height-default\" data-id=\"236a435\" data-element_type=\"section\" data-settings=\"{&quot;stretch_section&quot;:&quot;section-stretched&quot;}\">\n\t\t\t\t\t\t<div class=\"elementor-container elementor-column-gap-no\">\n\t\t\t\t\t<div class=\"elementor-column elementor-col-100 elementor-top-column elementor-element elementor-element-dab1e01\" data-id=\"dab1e01\" data-element_type=\"column\">\n\t\t\t<div class=\"elementor-widget-wrap elementor-element-populated\">\n\t\t\t\t\t\t\t\t<div class=\"elementor-element elementor-element-630e69b elementor-widget elementor-widget-image\" data-id=\"630e69b\" data-element_type=\"widget\" data-widget_type=\"image.default\">\n\t\t\t\t<div class=\"elementor-widget-container\">\n\t\t\t<style>\/*! elementor - v3.13.2 - 11-05-2023 *\/\n.elementor-widget-image{text-align:center}.elementor-widget-image a{display:inline-block}.elementor-widget-image a img[src$=\".svg\"]{width:48px}.elementor-widget-image img{vertical-align:middle;display:inline-block}<\/style>\t\t\t\t\t\t\t\t\t\t\t\t<img loading=\"lazy\" decoding=\"async\" width=\"1800\" height=\"600\" src=\"https:\/\/www.eseguro.pl\/wp-content\/uploads\/2025\/04\/1SDZbiezn.jpg\" class=\"attachment-full size-full wp-image-1710\" alt=\"\" srcset=\"https:\/\/www.eseguro.pl\/wp-content\/uploads\/2025\/04\/1SDZbiezn.jpg 1800w, https:\/\/www.eseguro.pl\/wp-content\/uploads\/2025\/04\/1SDZbiezn-300x100.jpg 300w, https:\/\/www.eseguro.pl\/wp-content\/uploads\/2025\/04\/1SDZbiezn-1024x341.jpg 1024w, https:\/\/www.eseguro.pl\/wp-content\/uploads\/2025\/04\/1SDZbiezn-768x256.jpg 768w, https:\/\/www.eseguro.pl\/wp-content\/uploads\/2025\/04\/1SDZbiezn-1536x512.jpg 1536w\" sizes=\"auto, (max-width: 1800px) 100vw, 1800px\" \/>\t\t\t\t\t\t\t\t\t\t\t\t\t\t\t<\/div>\n\t\t\t\t<\/div>\n\t\t\t\t\t<\/div>\n\t\t<\/div>\n\t\t\t\t\t\t\t<\/div>\n\t\t<\/section>\n\t\t\t\t<section class=\"elementor-section elementor-top-section elementor-element elementor-element-718d28f elementor-section-boxed elementor-section-height-default elementor-section-height-default\" data-id=\"718d28f\" data-element_type=\"section\">\n\t\t\t\t\t\t<div class=\"elementor-container elementor-column-gap-default\">\n\t\t\t\t\t<div class=\"elementor-column elementor-col-100 elementor-top-column elementor-element elementor-element-351ecb7\" data-id=\"351ecb7\" data-element_type=\"column\">\n\t\t\t<div class=\"elementor-widget-wrap elementor-element-populated\">\n\t\t\t\t\t\t\t\t<div class=\"elementor-element elementor-element-3925622 elementor-widget elementor-widget-spacer\" data-id=\"3925622\" data-element_type=\"widget\" data-widget_type=\"spacer.default\">\n\t\t\t\t<div class=\"elementor-widget-container\">\n\t\t\t<style>\/*! elementor - v3.13.2 - 11-05-2023 *\/\n.elementor-column .elementor-spacer-inner{height:var(--spacer-size)}.e-con{--container-widget-width:100%}.e-con-inner>.elementor-widget-spacer,.e-con>.elementor-widget-spacer{width:var(--container-widget-width,var(--spacer-size));--align-self:var(--container-widget-align-self,initial);--flex-shrink:0}.e-con-inner>.elementor-widget-spacer>.elementor-widget-container,.e-con-inner>.elementor-widget-spacer>.elementor-widget-container>.elementor-spacer,.e-con>.elementor-widget-spacer>.elementor-widget-container,.e-con>.elementor-widget-spacer>.elementor-widget-container>.elementor-spacer{height:100%}.e-con-inner>.elementor-widget-spacer>.elementor-widget-container>.elementor-spacer>.elementor-spacer-inner,.e-con>.elementor-widget-spacer>.elementor-widget-container>.elementor-spacer>.elementor-spacer-inner{height:var(--container-widget-height,var(--spacer-size))}<\/style>\t\t<div class=\"elementor-spacer\">\n\t\t\t<div class=\"elementor-spacer-inner\"><\/div>\n\t\t<\/div>\n\t\t\t\t<\/div>\n\t\t\t\t<\/div>\n\t\t\t\t<div class=\"elementor-element elementor-element-bca8a6c elementor-widget elementor-widget-heading\" data-id=\"bca8a6c\" data-element_type=\"widget\" data-widget_type=\"heading.default\">\n\t\t\t\t<div class=\"elementor-widget-container\">\n\t\t\t<style>\/*! elementor - v3.13.2 - 11-05-2023 *\/\n.elementor-heading-title{padding:0;margin:0;line-height:1}.elementor-widget-heading .elementor-heading-title[class*=elementor-size-]>a{color:inherit;font-size:inherit;line-height:inherit}.elementor-widget-heading .elementor-heading-title.elementor-size-small{font-size:15px}.elementor-widget-heading .elementor-heading-title.elementor-size-medium{font-size:19px}.elementor-widget-heading .elementor-heading-title.elementor-size-large{font-size:29px}.elementor-widget-heading .elementor-heading-title.elementor-size-xl{font-size:39px}.elementor-widget-heading .elementor-heading-title.elementor-size-xxl{font-size:59px}<\/style><h1 class=\"elementor-heading-title elementor-size-default\">ZBIE\u017bNO\u015a\u0106<\/h1>\t\t<\/div>\n\t\t\t\t<\/div>\n\t\t\t\t<div class=\"elementor-element elementor-element-695591d elementor-widget elementor-widget-text-editor\" data-id=\"695591d\" data-element_type=\"widget\" data-widget_type=\"text-editor.default\">\n\t\t\t\t<div class=\"elementor-widget-container\">\n\t\t\t<style>\/*! elementor - v3.13.2 - 11-05-2023 *\/\n.elementor-widget-text-editor.elementor-drop-cap-view-stacked .elementor-drop-cap{background-color:#69727d;color:#fff}.elementor-widget-text-editor.elementor-drop-cap-view-framed .elementor-drop-cap{color:#69727d;border:3px solid;background-color:transparent}.elementor-widget-text-editor:not(.elementor-drop-cap-view-default) .elementor-drop-cap{margin-top:8px}.elementor-widget-text-editor:not(.elementor-drop-cap-view-default) .elementor-drop-cap-letter{width:1em;height:1em}.elementor-widget-text-editor .elementor-drop-cap{float:left;text-align:center;line-height:1;font-size:50px}.elementor-widget-text-editor .elementor-drop-cap-letter{display:inline-block}<\/style>\t\t\t\tZbie\u017cno\u015b\u0107 3D \u2013 Precyzyjna Diagnostyka K\u00f3\u0142 w Naszej Stacji\nW naszej stacji diagnostycznej oferujemy nowoczesne i precyzyjne us\u0142ugi ustawiania zbie\u017cno\u015bci k\u00f3\u0142 przy u\u017cyciu technologii 3D, kt\u00f3ra gwarantuje wyj\u0105tkow\u0105 dok\u0142adno\u015b\u0107 i niezawodno\u015b\u0107. Dzi\u0119ki zaawansowanemu systemowi diagnostycznemu, jeste\u015bmy w stanie precyzyjnie sprawdzi\u0107 i skorygowa\u0107 ustawienie k\u00f3\u0142 w Twoim poje\u017adzie, co ma kluczowe znaczenie dla bezpiecze\u0144stwa, komfortu jazdy oraz trwa\u0142o\u015bci opon.\t\t\t\t\t\t<\/div>\n\t\t\t\t<\/div>\n\t\t\t\t<div class=\"elementor-element elementor-element-a14e295 elementor-widget elementor-widget-heading\" data-id=\"a14e295\" data-element_type=\"widget\" data-widget_type=\"heading.default\">\n\t\t\t\t<div class=\"elementor-widget-container\">\n\t\t\t<h1 class=\"elementor-heading-title elementor-size-default\">CO TO JEST ZBIE\u017bNO\u015a\u0106 3D?<\/h1>\t\t<\/div>\n\t\t\t\t<\/div>\n\t\t\t\t<div class=\"elementor-element elementor-element-13021ae elementor-widget elementor-widget-text-editor\" data-id=\"13021ae\" data-element_type=\"widget\" data-widget_type=\"text-editor.default\">\n\t\t\t\t<div class=\"elementor-widget-container\">\n\t\t\t\t\t\t\t<p>Zbie\u017cno\u015b\u0107 k\u00f3\u0142 to jedno z najwa\u017cniejszych ustawie\u0144 w poje\u017adzie, kt\u00f3re wp\u0142ywa na jego zachowanie na drodze. Zbie\u017cno\u015b\u0107 3D to nowoczesna metoda, kt\u00f3ra pozwala na dok\u0142adne pomiary k\u0105t\u00f3w nachylenia k\u00f3\u0142 w trzech wymiarach (poziomym, pionowym i skr\u0119tnym) w spos\u00f3b cyfrowy. Dzi\u0119ki tej technologii jeste\u015bmy w stanie uzyska\u0107 dok\u0142adne ustawienia k\u00f3\u0142 z minimalnym marginesem b\u0142\u0119du, co zapewnia:<\/p><ul><li>Optymaln\u0105 przyczepno\u015b\u0107 \u2013 w\u0142a\u015bciwie ustawione ko\u0142a zmniejszaj\u0105 opory toczenia, poprawiaj\u0105c stabilno\u015b\u0107 i przyczepno\u015b\u0107, co przek\u0142ada si\u0119 na bezpiecze\u0144stwo.<\/li><li>R\u00f3wnomierne zu\u017cycie opon \u2013 prawid\u0142owa zbie\u017cno\u015b\u0107 minimalizuje nier\u00f3wnomierne zu\u017cycie opon, co pozwala na ich d\u0142u\u017csz\u0105 \u017cywotno\u015b\u0107 i oszcz\u0119dno\u015bci zwi\u0105zane z ich wymian\u0105.<\/li><li>Lepsz\u0105 kontrol\u0119 nad pojazdem \u2013 dzi\u0119ki odpowiedniemu ustawieniu k\u00f3\u0142, samoch\u00f3d prowadzi si\u0119 pewniej, a reakcje na ruchy kierownicy s\u0105 bardziej precyzyjne.<\/li><li>Ni\u017csze zu\u017cycie paliwa \u2013 optymalna zbie\u017cno\u015b\u0107 k\u00f3\u0142 zmniejsza opory toczenia, co mo\u017ce przyczyni\u0107 si\u0119 do oszcz\u0119dno\u015bci paliwa.<\/li><\/ul>\t\t\t\t\t\t<\/div>\n\t\t\t\t<\/div>\n\t\t\t\t<div class=\"elementor-element elementor-element-a4ef1d5 elementor-widget elementor-widget-heading\" data-id=\"a4ef1d5\" data-element_type=\"widget\" data-widget_type=\"heading.default\">\n\t\t\t\t<div class=\"elementor-widget-container\">\n\t\t\t<h1 class=\"elementor-heading-title elementor-size-default\">Dlaczego warto wybra\u0107 zbie\u017cno\u015b\u0107 3D?<\/h1>\t\t<\/div>\n\t\t\t\t<\/div>\n\t\t\t\t<div class=\"elementor-element elementor-element-1935c07 elementor-widget elementor-widget-text-editor\" data-id=\"1935c07\" data-element_type=\"widget\" data-widget_type=\"text-editor.default\">\n\t\t\t\t<div class=\"elementor-widget-container\">\n\t\t\t\t\t\t\t<ul><li>Dok\u0142adno\u015b\u0107 \u2013 Dzi\u0119ki technologii 3D, pomiary s\u0105 dok\u0142adniejsze ni\u017c kiedykolwiek wcze\u015bniej, co pozwala na precyzyjne ustawienie k\u00f3\u0142 w zgodzie z wymaganiami producenta.<\/li><li>Szybko\u015b\u0107 i efektywno\u015b\u0107 \u2013 Proces ustawiania zbie\u017cno\u015bci 3D jest szybki i efektywny, dzi\u0119ki czemu nie musisz d\u0142ugo czeka\u0107 na wyniki.<\/li><li>Profesjonalizm \u2013 Nasz wykwalifikowany zesp\u00f3\u0142 technik\u00f3w posiada do\u015bwiadczenie w pracy z nowoczesnymi systemami 3D, co zapewnia niezawodno\u015b\u0107 us\u0142ugi.<\/li><\/ul>\t\t\t\t\t\t<\/div>\n\t\t\t\t<\/div>\n\t\t\t\t<div class=\"elementor-element elementor-element-278d768 elementor-widget elementor-widget-heading\" data-id=\"278d768\" data-element_type=\"widget\" data-widget_type=\"heading.default\">\n\t\t\t\t<div class=\"elementor-widget-container\">\n\t\t\t<h1 class=\"elementor-heading-title elementor-size-default\">Jak przebiega diagnostyka zbie\u017cno\u015bci 3D?<\/h1>\t\t<\/div>\n\t\t\t\t<\/div>\n\t\t\t\t<div class=\"elementor-element elementor-element-b4073d8 elementor-widget elementor-widget-text-editor\" data-id=\"b4073d8\" data-element_type=\"widget\" data-widget_type=\"text-editor.default\">\n\t\t\t\t<div class=\"elementor-widget-container\">\n\t\t\t\t\t\t\t<ul><li>Wst\u0119pna ocena stanu technicznego \u2013 Przed przyst\u0105pieniem do ustawiania zbie\u017cno\u015bci, przeprowadzamy dok\u0142adn\u0105 kontrol\u0119 og\u00f3lnego stanu technicznego pojazdu.<\/li><li>Pomiary za pomoc\u0105 technologii 3D \u2013 Za pomoc\u0105 specjalistycznego sprz\u0119tu wykonujemy dok\u0142adne pomiary ustawienia k\u00f3\u0142 w trzech wymiarach.<\/li><li>Korekta zbie\u017cno\u015bci \u2013 W razie potrzeby, precyzyjnie korygujemy ustawienie k\u00f3\u0142, aby zapewni\u0107 optymaln\u0105 geometri\u0119 i w\u0142a\u015bciwe parametry jazdy.<\/li><li>Testy ko\u0144cowe \u2013 Po dokonaniu ustawie\u0144, wykonujemy dodatkowe testy na drodze, aby upewni\u0107 si\u0119, \u017ce pojazd prowadzi si\u0119 stabilnie i bezpiecznie.<\/li><\/ul>\t\t\t\t\t\t<\/div>\n\t\t\t\t<\/div>\n\t\t\t\t<div class=\"elementor-element elementor-element-1829eb2 elementor-widget elementor-widget-heading\" data-id=\"1829eb2\" data-element_type=\"widget\" data-widget_type=\"heading.default\">\n\t\t\t\t<div class=\"elementor-widget-container\">\n\t\t\t<h1 class=\"elementor-heading-title elementor-size-default\">Korzy\u015bci z us\u0142ug zbie\u017cno\u015bci 3D:<\/h1>\t\t<\/div>\n\t\t\t\t<\/div>\n\t\t\t\t<div class=\"elementor-element elementor-element-2598810 elementor-widget elementor-widget-text-editor\" data-id=\"2598810\" data-element_type=\"widget\" data-widget_type=\"text-editor.default\">\n\t\t\t\t<div class=\"elementor-widget-container\">\n\t\t\t\t\t\t\t<ul><li>Bezpiecze\u0144stwo \u2013 Zwi\u0119kszenie stabilno\u015bci pojazdu na drodze oraz zmniejszenie ryzyka problem\u00f3w z kierowaniem.<\/li><li>Komfort jazdy \u2013 P\u0142ynniejsza jazda, mniejsze drgania i lepsza reakcja na ruchy kierownicy.<\/li><li>Oszcz\u0119dno\u015bci \u2013 Zmniejszenie koszt\u00f3w eksploatacji opon i paliwa dzi\u0119ki precyzyjnie ustawionej geometrii k\u00f3\u0142.<\/li><\/ul>\t\t\t\t\t\t<\/div>\n\t\t\t\t<\/div>\n\t\t\t\t<div class=\"elementor-element elementor-element-44d16c1 elementor-widget-divider--view-line elementor-widget elementor-widget-divider\" data-id=\"44d16c1\" data-element_type=\"widget\" data-widget_type=\"divider.default\">\n\t\t\t\t<div class=\"elementor-widget-container\">\n\t\t\t<style>\/*! elementor - v3.13.2 - 11-05-2023 *\/\n.elementor-widget-divider{--divider-border-style:none;--divider-border-width:1px;--divider-color:#0c0d0e;--divider-icon-size:20px;--divider-element-spacing:10px;--divider-pattern-height:24px;--divider-pattern-size:20px;--divider-pattern-url:none;--divider-pattern-repeat:repeat-x}.elementor-widget-divider .elementor-divider{display:flex}.elementor-widget-divider .elementor-divider__text{font-size:15px;line-height:1;max-width:95%}.elementor-widget-divider .elementor-divider__element{margin:0 var(--divider-element-spacing);flex-shrink:0}.elementor-widget-divider .elementor-icon{font-size:var(--divider-icon-size)}.elementor-widget-divider .elementor-divider-separator{display:flex;margin:0;direction:ltr}.elementor-widget-divider--view-line_icon .elementor-divider-separator,.elementor-widget-divider--view-line_text .elementor-divider-separator{align-items:center}.elementor-widget-divider--view-line_icon .elementor-divider-separator:after,.elementor-widget-divider--view-line_icon .elementor-divider-separator:before,.elementor-widget-divider--view-line_text .elementor-divider-separator:after,.elementor-widget-divider--view-line_text .elementor-divider-separator:before{display:block;content:\"\";border-bottom:0;flex-grow:1;border-top:var(--divider-border-width) var(--divider-border-style) var(--divider-color)}.elementor-widget-divider--element-align-left .elementor-divider .elementor-divider-separator>.elementor-divider__svg:first-of-type{flex-grow:0;flex-shrink:100}.elementor-widget-divider--element-align-left .elementor-divider-separator:before{content:none}.elementor-widget-divider--element-align-left .elementor-divider__element{margin-left:0}.elementor-widget-divider--element-align-right .elementor-divider .elementor-divider-separator>.elementor-divider__svg:last-of-type{flex-grow:0;flex-shrink:100}.elementor-widget-divider--element-align-right .elementor-divider-separator:after{content:none}.elementor-widget-divider--element-align-right .elementor-divider__element{margin-right:0}.elementor-widget-divider:not(.elementor-widget-divider--view-line_text):not(.elementor-widget-divider--view-line_icon) .elementor-divider-separator{border-top:var(--divider-border-width) var(--divider-border-style) var(--divider-color)}.elementor-widget-divider--separator-type-pattern{--divider-border-style:none}.elementor-widget-divider--separator-type-pattern.elementor-widget-divider--view-line .elementor-divider-separator,.elementor-widget-divider--separator-type-pattern:not(.elementor-widget-divider--view-line) .elementor-divider-separator:after,.elementor-widget-divider--separator-type-pattern:not(.elementor-widget-divider--view-line) .elementor-divider-separator:before,.elementor-widget-divider--separator-type-pattern:not([class*=elementor-widget-divider--view]) .elementor-divider-separator{width:100%;min-height:var(--divider-pattern-height);-webkit-mask-size:var(--divider-pattern-size) 100%;mask-size:var(--divider-pattern-size) 100%;-webkit-mask-repeat:var(--divider-pattern-repeat);mask-repeat:var(--divider-pattern-repeat);background-color:var(--divider-color);-webkit-mask-image:var(--divider-pattern-url);mask-image:var(--divider-pattern-url)}.elementor-widget-divider--no-spacing{--divider-pattern-size:auto}.elementor-widget-divider--bg-round{--divider-pattern-repeat:round}.rtl .elementor-widget-divider .elementor-divider__text{direction:rtl}.e-con-inner>.elementor-widget-divider,.e-con>.elementor-widget-divider{width:var(--container-widget-width,100%);--flex-grow:var(--container-widget-flex-grow)}<\/style>\t\t<div class=\"elementor-divider\">\n\t\t\t<span class=\"elementor-divider-separator\">\n\t\t\t\t\t\t<\/span>\n\t\t<\/div>\n\t\t\t\t<\/div>\n\t\t\t\t<\/div>\n\t\t\t\t<div class=\"elementor-element elementor-element-c2b92de elementor-widget elementor-widget-text-editor\" data-id=\"c2b92de\" data-element_type=\"widget\" data-widget_type=\"text-editor.default\">\n\t\t\t\t<div class=\"elementor-widget-container\">\n\t\t\t\t\t\t\t<p>Zadbaj o swoje bezpiecze\u0144stwo i komfort jazdy! Um\u00f3w si\u0119 na diagnostyk\u0119 zbie\u017cno\u015bci 3D ju\u017c dzi\u015b i ciesz si\u0119 pewno\u015bci\u0105, \u017ce Tw\u00f3j pojazd jest w pe\u0142ni sprawny. Nasi specjali\u015bci s\u0105 gotowi, aby precyzyjnie dopasowa\u0107 ustawienia k\u00f3\u0142 do Twojego auta.<br \/>Skontaktuj si\u0119 z nami lub odwied\u017a nasz\u0105 stacj\u0119 diagnostyczn\u0105, aby um\u00f3wi\u0107 wizyt\u0119!<\/p>\t\t\t\t\t\t<\/div>\n\t\t\t\t<\/div>\n\t\t\t\t<div class=\"elementor-element elementor-element-9757de6 elementor-widget-divider--view-line elementor-widget elementor-widget-divider\" data-id=\"9757de6\" data-element_type=\"widget\" data-widget_type=\"divider.default\">\n\t\t\t\t<div class=\"elementor-widget-container\">\n\t\t\t\t\t<div class=\"elementor-divider\">\n\t\t\t<span class=\"elementor-divider-separator\">\n\t\t\t\t\t\t<\/span>\n\t\t<\/div>\n\t\t\t\t<\/div>\n\t\t\t\t<\/div>\n\t\t\t\t\t<\/div>\n\t\t<\/div>\n\t\t\t\t\t\t\t<\/div>\n\t\t<\/section>\n\t\t\t\t\t\t\t<\/div>\n\t\t","protected":false},"excerpt":{"rendered":"<p>ZBIE\u017bNO\u015a\u0106 Zbie\u017cno\u015b\u0107 3D \u2013 Precyzyjna Diagnostyka K\u00f3\u0142 w Naszej Stacji W naszej stacji diagnostycznej oferujemy nowoczesne i precyzyjne us\u0142ugi ustawiania zbie\u017cno\u015bci k\u00f3\u0142 przy u\u017cyciu technologii 3D, kt\u00f3ra gwarantuje wyj\u0105tkow\u0105 dok\u0142adno\u015b\u0107 i niezawodno\u015b\u0107. Dzi\u0119ki zaawansowanemu systemowi diagnostycznemu, jeste\u015bmy w stanie precyzyjnie sprawdzi\u0107 i skorygowa\u0107 ustawienie k\u00f3\u0142 w Twoim poje\u017adzie, co ma kluczowe znaczenie dla bezpiecze\u0144stwa, komfortu [&hellip;]<\/p>\n","protected":false},"author":1,"featured_media":0,"parent":1214,"menu_order":0,"comment_status":"closed","ping_status":"closed","template":"","meta":{"ocean_post_layout":"full-screen","ocean_both_sidebars_style":"","ocean_both_sidebars_content_width":0,"ocean_both_sidebars_sidebars_width":0,"ocean_sidebar":"","ocean_second_sidebar":"","ocean_disable_margins":"enable","ocean_add_body_class":"","ocean_shortcode_before_top_bar":"","ocean_shortcode_after_top_bar":"","ocean_shortcode_before_header":"","ocean_shortcode_after_header":"","ocean_has_shortcode":"","ocean_shortcode_after_title":"","ocean_shortcode_before_footer_widgets":"","ocean_shortcode_after_footer_widgets":"","ocean_shortcode_before_footer_bottom":"","ocean_shortcode_after_footer_bottom":"","ocean_display_top_bar":"default","ocean_display_header":"default","ocean_header_style":"","ocean_center_header_left_menu":"","ocean_custom_header_template":"","ocean_custom_logo":0,"ocean_custom_retina_logo":0,"ocean_custom_logo_max_width":0,"ocean_custom_logo_tablet_max_width":0,"ocean_custom_logo_mobile_max_width":0,"ocean_custom_logo_max_height":0,"ocean_custom_logo_tablet_max_height":0,"ocean_custom_logo_mobile_max_height":0,"ocean_header_custom_menu":"","ocean_menu_typo_font_family":"","ocean_menu_typo_font_subset":"","ocean_menu_typo_font_size":0,"ocean_menu_typo_font_size_tablet":0,"ocean_menu_typo_font_size_mobile":0,"ocean_menu_typo_font_size_unit":"px","ocean_menu_typo_font_weight":"","ocean_menu_typo_font_weight_tablet":"","ocean_menu_typo_font_weight_mobile":"","ocean_menu_typo_transform":"","ocean_menu_typo_transform_tablet":"","ocean_menu_typo_transform_mobile":"","ocean_menu_typo_line_height":0,"ocean_menu_typo_line_height_tablet":0,"ocean_menu_typo_line_height_mobile":0,"ocean_menu_typo_line_height_unit":"","ocean_menu_typo_spacing":0,"ocean_menu_typo_spacing_tablet":0,"ocean_menu_typo_spacing_mobile":0,"ocean_menu_typo_spacing_unit":"","ocean_menu_link_color":"","ocean_menu_link_color_hover":"","ocean_menu_link_color_active":"","ocean_menu_link_background":"","ocean_menu_link_hover_background":"","ocean_menu_link_active_background":"","ocean_menu_social_links_bg":"","ocean_menu_social_hover_links_bg":"","ocean_menu_social_links_color":"","ocean_menu_social_hover_links_color":"","ocean_disable_title":"on","ocean_disable_heading":"default","ocean_post_title":"","ocean_post_subheading":"","ocean_post_title_style":"","ocean_post_title_background_color":"","ocean_post_title_background":0,"ocean_post_title_bg_image_position":"","ocean_post_title_bg_image_attachment":"","ocean_post_title_bg_image_repeat":"","ocean_post_title_bg_image_size":"","ocean_post_title_height":0,"ocean_post_title_bg_overlay":0.5,"ocean_post_title_bg_overlay_color":"","ocean_disable_breadcrumbs":"default","ocean_breadcrumbs_color":"","ocean_breadcrumbs_separator_color":"","ocean_breadcrumbs_links_color":"","ocean_breadcrumbs_links_hover_color":"","ocean_display_footer_widgets":"default","ocean_display_footer_bottom":"default","ocean_custom_footer_template":"","footnotes":""},"class_list":["post-1680","page","type-page","status-publish","hentry","entry"],"_links":{"self":[{"href":"https:\/\/www.eseguro.pl\/index.php?rest_route=\/wp\/v2\/pages\/1680","targetHints":{"allow":["GET"]}}],"collection":[{"href":"https:\/\/www.eseguro.pl\/index.php?rest_route=\/wp\/v2\/pages"}],"about":[{"href":"https:\/\/www.eseguro.pl\/index.php?rest_route=\/wp\/v2\/types\/page"}],"author":[{"embeddable":true,"href":"https:\/\/www.eseguro.pl\/index.php?rest_route=\/wp\/v2\/users\/1"}],"replies":[{"embeddable":true,"href":"https:\/\/www.eseguro.pl\/index.php?rest_route=%2Fwp%2Fv2%2Fcomments&post=1680"}],"version-history":[{"count":10,"href":"https:\/\/www.eseguro.pl\/index.php?rest_route=\/wp\/v2\/pages\/1680\/revisions"}],"predecessor-version":[{"id":1716,"href":"https:\/\/www.eseguro.pl\/index.php?rest_route=\/wp\/v2\/pages\/1680\/revisions\/1716"}],"up":[{"embeddable":true,"href":"https:\/\/www.eseguro.pl\/index.php?rest_route=\/wp\/v2\/pages\/1214"}],"wp:attachment":[{"href":"https:\/\/www.eseguro.pl\/index.php?rest_route=%2Fwp%2Fv2%2Fmedia&parent=1680"}],"curies":[{"name":"wp","href":"https:\/\/api.w.org\/{rel}","templated":true}]}}