{"id":1561,"date":"2025-04-12T23:10:56","date_gmt":"2025-04-12T21:10:56","guid":{"rendered":"https:\/\/www.serwer1815201.home.pl\/eseguro\/?page_id=1561"},"modified":"2025-04-25T17:25:25","modified_gmt":"2025-04-25T15:25:25","slug":"rolne","status":"publish","type":"page","link":"https:\/\/www.eseguro.pl\/?page_id=1561","title":{"rendered":"Rolne"},"content":{"rendered":"\t\t<div data-elementor-type=\"wp-page\" data-elementor-id=\"1561\" class=\"elementor elementor-1561\">\n\t\t\t\t\t\t\t\t\t<section class=\"elementor-section elementor-top-section elementor-element elementor-element-a616abd elementor-section-full_width elementor-section-stretched elementor-section-height-default elementor-section-height-default\" data-id=\"a616abd\" data-element_type=\"section\" data-settings=\"{&quot;stretch_section&quot;:&quot;section-stretched&quot;}\">\n\t\t\t\t\t\t<div class=\"elementor-container elementor-column-gap-no\">\n\t\t\t\t\t<div class=\"elementor-column elementor-col-100 elementor-top-column elementor-element elementor-element-1d5d5bf\" data-id=\"1d5d5bf\" data-element_type=\"column\">\n\t\t\t<div class=\"elementor-widget-wrap elementor-element-populated\">\n\t\t\t\t\t\t\t\t<div class=\"elementor-element elementor-element-c8ab1ef elementor-widget elementor-widget-image\" data-id=\"c8ab1ef\" data-element_type=\"widget\" data-widget_type=\"image.default\">\n\t\t\t\t<div class=\"elementor-widget-container\">\n\t\t\t<style>\/*! elementor - v3.13.2 - 11-05-2023 *\/\n.elementor-widget-image{text-align:center}.elementor-widget-image a{display:inline-block}.elementor-widget-image a img[src$=\".svg\"]{width:48px}.elementor-widget-image img{vertical-align:middle;display:inline-block}<\/style>\t\t\t\t\t\t\t\t\t\t\t\t<img loading=\"lazy\" decoding=\"async\" width=\"1800\" height=\"600\" src=\"https:\/\/www.eseguro.pl\/wp-content\/uploads\/2025\/04\/1Rolne.jpg\" class=\"attachment-full size-full wp-image-1564\" alt=\"\" srcset=\"https:\/\/www.eseguro.pl\/wp-content\/uploads\/2025\/04\/1Rolne.jpg 1800w, https:\/\/www.eseguro.pl\/wp-content\/uploads\/2025\/04\/1Rolne-300x100.jpg 300w, https:\/\/www.eseguro.pl\/wp-content\/uploads\/2025\/04\/1Rolne-1024x341.jpg 1024w, https:\/\/www.eseguro.pl\/wp-content\/uploads\/2025\/04\/1Rolne-768x256.jpg 768w, https:\/\/www.eseguro.pl\/wp-content\/uploads\/2025\/04\/1Rolne-1536x512.jpg 1536w\" sizes=\"auto, (max-width: 1800px) 100vw, 1800px\" \/>\t\t\t\t\t\t\t\t\t\t\t\t\t\t\t<\/div>\n\t\t\t\t<\/div>\n\t\t\t\t\t<\/div>\n\t\t<\/div>\n\t\t\t\t\t\t\t<\/div>\n\t\t<\/section>\n\t\t\t\t<section class=\"elementor-section elementor-top-section elementor-element elementor-element-61b2412 elementor-section-boxed elementor-section-height-default elementor-section-height-default\" data-id=\"61b2412\" data-element_type=\"section\">\n\t\t\t\t\t\t<div class=\"elementor-container elementor-column-gap-default\">\n\t\t\t\t\t<div class=\"elementor-column elementor-col-100 elementor-top-column elementor-element elementor-element-b3a8955\" data-id=\"b3a8955\" data-element_type=\"column\">\n\t\t\t<div class=\"elementor-widget-wrap elementor-element-populated\">\n\t\t\t\t\t\t\t\t<div class=\"elementor-element elementor-element-e583762 elementor-widget elementor-widget-spacer\" data-id=\"e583762\" data-element_type=\"widget\" data-widget_type=\"spacer.default\">\n\t\t\t\t<div class=\"elementor-widget-container\">\n\t\t\t<style>\/*! elementor - v3.13.2 - 11-05-2023 *\/\n.elementor-column .elementor-spacer-inner{height:var(--spacer-size)}.e-con{--container-widget-width:100%}.e-con-inner>.elementor-widget-spacer,.e-con>.elementor-widget-spacer{width:var(--container-widget-width,var(--spacer-size));--align-self:var(--container-widget-align-self,initial);--flex-shrink:0}.e-con-inner>.elementor-widget-spacer>.elementor-widget-container,.e-con-inner>.elementor-widget-spacer>.elementor-widget-container>.elementor-spacer,.e-con>.elementor-widget-spacer>.elementor-widget-container,.e-con>.elementor-widget-spacer>.elementor-widget-container>.elementor-spacer{height:100%}.e-con-inner>.elementor-widget-spacer>.elementor-widget-container>.elementor-spacer>.elementor-spacer-inner,.e-con>.elementor-widget-spacer>.elementor-widget-container>.elementor-spacer>.elementor-spacer-inner{height:var(--container-widget-height,var(--spacer-size))}<\/style>\t\t<div class=\"elementor-spacer\">\n\t\t\t<div class=\"elementor-spacer-inner\"><\/div>\n\t\t<\/div>\n\t\t\t\t<\/div>\n\t\t\t\t<\/div>\n\t\t\t\t<div class=\"elementor-element elementor-element-553afcc elementor-widget elementor-widget-heading\" data-id=\"553afcc\" data-element_type=\"widget\" data-widget_type=\"heading.default\">\n\t\t\t\t<div class=\"elementor-widget-container\">\n\t\t\t<style>\/*! elementor - v3.13.2 - 11-05-2023 *\/\n.elementor-heading-title{padding:0;margin:0;line-height:1}.elementor-widget-heading .elementor-heading-title[class*=elementor-size-]>a{color:inherit;font-size:inherit;line-height:inherit}.elementor-widget-heading .elementor-heading-title.elementor-size-small{font-size:15px}.elementor-widget-heading .elementor-heading-title.elementor-size-medium{font-size:19px}.elementor-widget-heading .elementor-heading-title.elementor-size-large{font-size:29px}.elementor-widget-heading .elementor-heading-title.elementor-size-xl{font-size:39px}.elementor-widget-heading .elementor-heading-title.elementor-size-xxl{font-size:59px}<\/style><h1 class=\"elementor-heading-title elementor-size-default\">Ubezpieczenia Rolne<\/h1>\t\t<\/div>\n\t\t\t\t<\/div>\n\t\t\t\t<div class=\"elementor-element elementor-element-7980cd4 elementor-widget elementor-widget-heading\" data-id=\"7980cd4\" data-element_type=\"widget\" data-widget_type=\"heading.default\">\n\t\t\t\t<div class=\"elementor-widget-container\">\n\t\t\t<h1 class=\"elementor-heading-title elementor-size-default\">Ubezpieczenie rolne<\/h1>\t\t<\/div>\n\t\t\t\t<\/div>\n\t\t\t\t<div class=\"elementor-element elementor-element-c7a0440 elementor-widget elementor-widget-text-editor\" data-id=\"c7a0440\" data-element_type=\"widget\" data-widget_type=\"text-editor.default\">\n\t\t\t\t<div class=\"elementor-widget-container\">\n\t\t\t<style>\/*! elementor - v3.13.2 - 11-05-2023 *\/\n.elementor-widget-text-editor.elementor-drop-cap-view-stacked .elementor-drop-cap{background-color:#69727d;color:#fff}.elementor-widget-text-editor.elementor-drop-cap-view-framed .elementor-drop-cap{color:#69727d;border:3px solid;background-color:transparent}.elementor-widget-text-editor:not(.elementor-drop-cap-view-default) .elementor-drop-cap{margin-top:8px}.elementor-widget-text-editor:not(.elementor-drop-cap-view-default) .elementor-drop-cap-letter{width:1em;height:1em}.elementor-widget-text-editor .elementor-drop-cap{float:left;text-align:center;line-height:1;font-size:50px}.elementor-widget-text-editor .elementor-drop-cap-letter{display:inline-block}<\/style>\t\t\t\t<p>Wypadki w gospodarstwie rolnym nie nale\u017c\u0105 do rzadko\u015bci\u2026 Na szcz\u0119\u015bcie, ubezpieczenia rolne pozwalaj\u0105 uzyska\u0107 wsparcie finansowe w razie nieszcz\u0119\u015bliwego zdarzenia \u2013 zar\u00f3wno w przypadku, gdy to Ty poniesiesz straty, jak i w sytuacji, kiedy wyrz\u0105dzisz szkod\u0119 innej osobie. W\u015br\u00f3d produkt\u00f3w ubezpieczeniowych skierowanych do rolnik\u00f3w s\u0105 ubezpieczenia obowi\u0105zkowe i dobrowolne. Zobacz zatem, co musisz ubezpieczy\u0107, a co mo\u017cesz obj\u0105\u0107 dodatkow\u0105 ochron\u0105.<\/p>\t\t\t\t\t\t<\/div>\n\t\t\t\t<\/div>\n\t\t\t\t<div class=\"elementor-element elementor-element-b3511b8 elementor-widget elementor-widget-heading\" data-id=\"b3511b8\" data-element_type=\"widget\" data-widget_type=\"heading.default\">\n\t\t\t\t<div class=\"elementor-widget-container\">\n\t\t\t<h1 class=\"elementor-heading-title elementor-size-default\">OC rolnika<\/h1>\t\t<\/div>\n\t\t\t\t<\/div>\n\t\t\t\t<div class=\"elementor-element elementor-element-dfd5307 elementor-widget elementor-widget-text-editor\" data-id=\"dfd5307\" data-element_type=\"widget\" data-widget_type=\"text-editor.default\">\n\t\t\t\t<div class=\"elementor-widget-container\">\n\t\t\t\t\t\t\t<p>OC rolnika, podobnie jak OC komunikacyjne, jest ubezpieczeniem obowi\u0105zkowym. W zwi\u0105zku z tym, ka\u017cda osoba, kt\u00f3ra posiada gospodarstwo rolne, musi wykupi\u0107 tak\u0105 polis\u0119. W zakres OC rolnika wchodz\u0105:<br \/>\u00b7 szkody osobowe, kt\u00f3re skutkuj\u0105 uszkodzeniem cia\u0142a, rozstrojem zdrowia lub \u015bmierci\u0105,<br \/>\u00b7 szkody zwi\u0105zane z uszkodzeniem, utrat\u0105 lub zniszczeniem mienia,<br \/>\u00b7 szkody spowodowane przez pojazdy wolnobie\u017cne u\u017cytkowane w gospodarstwie.<\/p><p>Warto wiedzie\u0107, \u017ce ochron\u0105 ubezpieczeniow\u0105 obj\u0119ty jest nie tylko rolnik, ale wszystkie osoby, z kt\u00f3rymi prowadzi on gospodarstwo domowe oraz osoby, kt\u00f3re wykonuj\u0105 prac\u0119 na terenie gospodarstwa rolnego.<\/p>\t\t\t\t\t\t<\/div>\n\t\t\t\t<\/div>\n\t\t\t\t<div class=\"elementor-element elementor-element-65f1a23 elementor-widget elementor-widget-heading\" data-id=\"65f1a23\" data-element_type=\"widget\" data-widget_type=\"heading.default\">\n\t\t\t\t<div class=\"elementor-widget-container\">\n\t\t\t<h1 class=\"elementor-heading-title elementor-size-default\">Ubezpieczenie budynk\u00f3w rolniczych<\/h1>\t\t<\/div>\n\t\t\t\t<\/div>\n\t\t\t\t<div class=\"elementor-element elementor-element-81bf95f elementor-widget elementor-widget-text-editor\" data-id=\"81bf95f\" data-element_type=\"widget\" data-widget_type=\"text-editor.default\">\n\t\t\t\t<div class=\"elementor-widget-container\">\n\t\t\t\t\t\t\t<p>Ubezpieczenie budynk\u00f3w rolniczych to kolejna obowi\u0105zkowa polisa, kt\u00f3r\u0105 w\u0142a\u015bciciele gospodarstw rolnych musz\u0105 posiada\u0107. Przedmiotem takiego ubezpieczenia s\u0105 trwale zwi\u0105zane z gruntem, maj\u0105ce dach i fundamenty budynki o powierzchni wi\u0119kszej ni\u017c 20 m2. Dzi\u0119ki tej polisie ubezpieczyciel wyp\u0142aci Ci odszkodowanie w razie takich zdarze\u0144, jak:<br \/>\u00b7 po\u017car,<br \/>\u00b7 pow\u00f3d\u017a,<br \/>\u00b7 podtopienie,<br \/>\u00b7 huragan,<br \/>\u00b7 eksplozja,<br \/>\u00b7 upadek statku powietrznego,<br \/>\u00b7 deszcz nawalny,<br \/>\u00b7 grad,<br \/>\u00b7 opady \u015bniegu,<br \/>\u00b7 uderzenia pioruna,<br \/>\u00b7 t\u0105pni\u0119cie,<br \/>\u00b7 obsuni\u0119cie si\u0119 ziemi,<br \/>\u00b7 lawina.<\/p><p>Istnieje r\u00f3wnie\u017c mo\u017cliwo\u015b\u0107 dokupienia dobrowolnego rozszerzenia ubezpieczenia budynk\u00f3w rolniczych, dzi\u0119ki czemu zakres ochrony polisy zostanie poszerzony o dodatkowe ryzyka takie, jak np. przepi\u0119cie, upadek drzew lub maszt\u00f3w czy uderzenie pojazdu.<\/p>\t\t\t\t\t\t<\/div>\n\t\t\t\t<\/div>\n\t\t\t\t<div class=\"elementor-element elementor-element-fd9df8f elementor-widget elementor-widget-heading\" data-id=\"fd9df8f\" data-element_type=\"widget\" data-widget_type=\"heading.default\">\n\t\t\t\t<div class=\"elementor-widget-container\">\n\t\t\t<h1 class=\"elementor-heading-title elementor-size-default\">Ubezpieczenie mienia ruchomego<\/h1>\t\t<\/div>\n\t\t\t\t<\/div>\n\t\t\t\t<div class=\"elementor-element elementor-element-77973d2 elementor-widget elementor-widget-text-editor\" data-id=\"77973d2\" data-element_type=\"widget\" data-widget_type=\"text-editor.default\">\n\t\t\t\t<div class=\"elementor-widget-container\">\n\t\t\t\t\t\t\t<p>Ubezpieczenia rolne to nie tylko ochrona os\u00f3b i budynk\u00f3w. Aby jeszcze bardziej rozszerzy\u0107 ochron\u0119 ubezpieczeniow\u0105, mo\u017cesz wykupi\u0107 ubezpieczenie mienia ruchomego. Czym jest mienie ruchome? Do tej kategorii zaliczamy:<br \/>\u00b7 sprz\u0119t rolniczy,<br \/>\u00b7 zwierz\u0119ta gospodarskie,<br \/>\u00b7 zbiory \u2013 tzw. ziemiop\u0142ody,<br \/>\u00b7 materia\u0142y i zapasy \u2013 np. nawozy i \u015brodki ochrony ro\u015blin.<\/p><p>Ponadto, polisa mo\u017ce obejmowa\u0107 ochron\u0105 s\u0142om\u0119 i siano, kt\u00f3re s\u0105 sk\u0142adowane na zewn\u0105trz oraz wyposa\u017cenie domu, w tym m.in. sprz\u0119ty gospodarstwa domowego czy elektronik\u0119.<\/p><p>Chcesz znale\u017a\u0107 najkorzystniejsz\u0105 polis\u0119? Wi\u0119cej szczeg\u00f3\u0142\u00f3w na temat ubezpiecze\u0144 rolnych uzyskasz u Dobrego Agenta.<\/p>\t\t\t\t\t\t<\/div>\n\t\t\t\t<\/div>\n\t\t\t\t\t<\/div>\n\t\t<\/div>\n\t\t\t\t\t\t\t<\/div>\n\t\t<\/section>\n\t\t\t\t\t\t\t<\/div>\n\t\t","protected":false},"excerpt":{"rendered":"<p>Ubezpieczenia Rolne Ubezpieczenie rolne Wypadki w gospodarstwie rolnym nie nale\u017c\u0105 do rzadko\u015bci\u2026 Na szcz\u0119\u015bcie, ubezpieczenia rolne pozwalaj\u0105 uzyska\u0107 wsparcie finansowe w razie nieszcz\u0119\u015bliwego zdarzenia \u2013 zar\u00f3wno w przypadku, gdy to Ty poniesiesz straty, jak i w sytuacji, kiedy wyrz\u0105dzisz szkod\u0119 innej osobie. W\u015br\u00f3d produkt\u00f3w ubezpieczeniowych skierowanych do rolnik\u00f3w s\u0105 ubezpieczenia obowi\u0105zkowe i dobrowolne. Zobacz zatem, [&hellip;]<\/p>\n","protected":false},"author":1,"featured_media":0,"parent":1212,"menu_order":0,"comment_status":"closed","ping_status":"closed","template":"","meta":{"ocean_post_layout":"full-screen","ocean_both_sidebars_style":"","ocean_both_sidebars_content_width":0,"ocean_both_sidebars_sidebars_width":0,"ocean_sidebar":"","ocean_second_sidebar":"","ocean_disable_margins":"enable","ocean_add_body_class":"","ocean_shortcode_before_top_bar":"","ocean_shortcode_after_top_bar":"","ocean_shortcode_before_header":"","ocean_shortcode_after_header":"","ocean_has_shortcode":"","ocean_shortcode_after_title":"","ocean_shortcode_before_footer_widgets":"","ocean_shortcode_after_footer_widgets":"","ocean_shortcode_before_footer_bottom":"","ocean_shortcode_after_footer_bottom":"","ocean_display_top_bar":"default","ocean_display_header":"default","ocean_header_style":"","ocean_center_header_left_menu":"","ocean_custom_header_template":"","ocean_custom_logo":0,"ocean_custom_retina_logo":0,"ocean_custom_logo_max_width":0,"ocean_custom_logo_tablet_max_width":0,"ocean_custom_logo_mobile_max_width":0,"ocean_custom_logo_max_height":0,"ocean_custom_logo_tablet_max_height":0,"ocean_custom_logo_mobile_max_height":0,"ocean_header_custom_menu":"","ocean_menu_typo_font_family":"","ocean_menu_typo_font_subset":"","ocean_menu_typo_font_size":0,"ocean_menu_typo_font_size_tablet":0,"ocean_menu_typo_font_size_mobile":0,"ocean_menu_typo_font_size_unit":"px","ocean_menu_typo_font_weight":"","ocean_menu_typo_font_weight_tablet":"","ocean_menu_typo_font_weight_mobile":"","ocean_menu_typo_transform":"","ocean_menu_typo_transform_tablet":"","ocean_menu_typo_transform_mobile":"","ocean_menu_typo_line_height":0,"ocean_menu_typo_line_height_tablet":0,"ocean_menu_typo_line_height_mobile":0,"ocean_menu_typo_line_height_unit":"","ocean_menu_typo_spacing":0,"ocean_menu_typo_spacing_tablet":0,"ocean_menu_typo_spacing_mobile":0,"ocean_menu_typo_spacing_unit":"","ocean_menu_link_color":"","ocean_menu_link_color_hover":"","ocean_menu_link_color_active":"","ocean_menu_link_background":"","ocean_menu_link_hover_background":"","ocean_menu_link_active_background":"","ocean_menu_social_links_bg":"","ocean_menu_social_hover_links_bg":"","ocean_menu_social_links_color":"","ocean_menu_social_hover_links_color":"","ocean_disable_title":"on","ocean_disable_heading":"default","ocean_post_title":"","ocean_post_subheading":"","ocean_post_title_style":"","ocean_post_title_background_color":"","ocean_post_title_background":0,"ocean_post_title_bg_image_position":"","ocean_post_title_bg_image_attachment":"","ocean_post_title_bg_image_repeat":"","ocean_post_title_bg_image_size":"","ocean_post_title_height":0,"ocean_post_title_bg_overlay":0.5,"ocean_post_title_bg_overlay_color":"","ocean_disable_breadcrumbs":"default","ocean_breadcrumbs_color":"","ocean_breadcrumbs_separator_color":"","ocean_breadcrumbs_links_color":"","ocean_breadcrumbs_links_hover_color":"","ocean_display_footer_widgets":"default","ocean_display_footer_bottom":"default","ocean_custom_footer_template":"","footnotes":""},"class_list":["post-1561","page","type-page","status-publish","hentry","entry"],"_links":{"self":[{"href":"https:\/\/www.eseguro.pl\/index.php?rest_route=\/wp\/v2\/pages\/1561","targetHints":{"allow":["GET"]}}],"collection":[{"href":"https:\/\/www.eseguro.pl\/index.php?rest_route=\/wp\/v2\/pages"}],"about":[{"href":"https:\/\/www.eseguro.pl\/index.php?rest_route=\/wp\/v2\/types\/page"}],"author":[{"embeddable":true,"href":"https:\/\/www.eseguro.pl\/index.php?rest_route=\/wp\/v2\/users\/1"}],"replies":[{"embeddable":true,"href":"https:\/\/www.eseguro.pl\/index.php?rest_route=%2Fwp%2Fv2%2Fcomments&post=1561"}],"version-history":[{"count":16,"href":"https:\/\/www.eseguro.pl\/index.php?rest_route=\/wp\/v2\/pages\/1561\/revisions"}],"predecessor-version":[{"id":1670,"href":"https:\/\/www.eseguro.pl\/index.php?rest_route=\/wp\/v2\/pages\/1561\/revisions\/1670"}],"up":[{"embeddable":true,"href":"https:\/\/www.eseguro.pl\/index.php?rest_route=\/wp\/v2\/pages\/1212"}],"wp:attachment":[{"href":"https:\/\/www.eseguro.pl\/index.php?rest_route=%2Fwp%2Fv2%2Fmedia&parent=1561"}],"curies":[{"name":"wp","href":"https:\/\/api.w.org\/{rel}","templated":true}]}}