{"id":1527,"date":"2025-04-12T20:51:08","date_gmt":"2025-04-12T18:51:08","guid":{"rendered":"https:\/\/www.serwer1815201.home.pl\/eseguro\/?page_id=1527"},"modified":"2025-04-25T17:21:18","modified_gmt":"2025-04-25T15:21:18","slug":"zdrowotne","status":"publish","type":"page","link":"https:\/\/www.eseguro.pl\/?page_id=1527","title":{"rendered":"Zdrowotne"},"content":{"rendered":"\t\t<div data-elementor-type=\"wp-page\" data-elementor-id=\"1527\" class=\"elementor elementor-1527\">\n\t\t\t\t\t\t\t\t\t<section class=\"elementor-section elementor-top-section elementor-element elementor-element-90e88c7 elementor-section-full_width elementor-section-stretched elementor-section-height-default elementor-section-height-default\" data-id=\"90e88c7\" data-element_type=\"section\" data-settings=\"{&quot;stretch_section&quot;:&quot;section-stretched&quot;}\">\n\t\t\t\t\t\t<div class=\"elementor-container elementor-column-gap-no\">\n\t\t\t\t\t<div class=\"elementor-column elementor-col-100 elementor-top-column elementor-element elementor-element-c78bd5c\" data-id=\"c78bd5c\" data-element_type=\"column\">\n\t\t\t<div class=\"elementor-widget-wrap elementor-element-populated\">\n\t\t\t\t\t\t\t\t<div class=\"elementor-element elementor-element-774812c elementor-widget elementor-widget-image\" data-id=\"774812c\" data-element_type=\"widget\" data-widget_type=\"image.default\">\n\t\t\t\t<div class=\"elementor-widget-container\">\n\t\t\t<style>\/*! elementor - v3.13.2 - 11-05-2023 *\/\n.elementor-widget-image{text-align:center}.elementor-widget-image a{display:inline-block}.elementor-widget-image a img[src$=\".svg\"]{width:48px}.elementor-widget-image img{vertical-align:middle;display:inline-block}<\/style>\t\t\t\t\t\t\t\t\t\t\t\t<img loading=\"lazy\" decoding=\"async\" width=\"1800\" height=\"600\" src=\"https:\/\/www.eseguro.pl\/wp-content\/uploads\/2025\/04\/1Zdrowie.jpg\" class=\"attachment-full size-full wp-image-1532\" alt=\"\" srcset=\"https:\/\/www.eseguro.pl\/wp-content\/uploads\/2025\/04\/1Zdrowie.jpg 1800w, https:\/\/www.eseguro.pl\/wp-content\/uploads\/2025\/04\/1Zdrowie-300x100.jpg 300w, https:\/\/www.eseguro.pl\/wp-content\/uploads\/2025\/04\/1Zdrowie-1024x341.jpg 1024w, https:\/\/www.eseguro.pl\/wp-content\/uploads\/2025\/04\/1Zdrowie-768x256.jpg 768w, https:\/\/www.eseguro.pl\/wp-content\/uploads\/2025\/04\/1Zdrowie-1536x512.jpg 1536w\" sizes=\"auto, (max-width: 1800px) 100vw, 1800px\" \/>\t\t\t\t\t\t\t\t\t\t\t\t\t\t\t<\/div>\n\t\t\t\t<\/div>\n\t\t\t\t\t<\/div>\n\t\t<\/div>\n\t\t\t\t\t\t\t<\/div>\n\t\t<\/section>\n\t\t\t\t<section class=\"elementor-section elementor-top-section elementor-element elementor-element-e322369 elementor-section-boxed elementor-section-height-default elementor-section-height-default\" data-id=\"e322369\" data-element_type=\"section\">\n\t\t\t\t\t\t<div class=\"elementor-container elementor-column-gap-default\">\n\t\t\t\t\t<div class=\"elementor-column elementor-col-100 elementor-top-column elementor-element elementor-element-ef06b34\" data-id=\"ef06b34\" data-element_type=\"column\">\n\t\t\t<div class=\"elementor-widget-wrap elementor-element-populated\">\n\t\t\t\t\t\t\t\t<div class=\"elementor-element elementor-element-5d8cb8a elementor-widget elementor-widget-spacer\" data-id=\"5d8cb8a\" data-element_type=\"widget\" data-widget_type=\"spacer.default\">\n\t\t\t\t<div class=\"elementor-widget-container\">\n\t\t\t<style>\/*! elementor - v3.13.2 - 11-05-2023 *\/\n.elementor-column .elementor-spacer-inner{height:var(--spacer-size)}.e-con{--container-widget-width:100%}.e-con-inner>.elementor-widget-spacer,.e-con>.elementor-widget-spacer{width:var(--container-widget-width,var(--spacer-size));--align-self:var(--container-widget-align-self,initial);--flex-shrink:0}.e-con-inner>.elementor-widget-spacer>.elementor-widget-container,.e-con-inner>.elementor-widget-spacer>.elementor-widget-container>.elementor-spacer,.e-con>.elementor-widget-spacer>.elementor-widget-container,.e-con>.elementor-widget-spacer>.elementor-widget-container>.elementor-spacer{height:100%}.e-con-inner>.elementor-widget-spacer>.elementor-widget-container>.elementor-spacer>.elementor-spacer-inner,.e-con>.elementor-widget-spacer>.elementor-widget-container>.elementor-spacer>.elementor-spacer-inner{height:var(--container-widget-height,var(--spacer-size))}<\/style>\t\t<div class=\"elementor-spacer\">\n\t\t\t<div class=\"elementor-spacer-inner\"><\/div>\n\t\t<\/div>\n\t\t\t\t<\/div>\n\t\t\t\t<\/div>\n\t\t\t\t<div class=\"elementor-element elementor-element-4815db7 elementor-widget elementor-widget-heading\" data-id=\"4815db7\" data-element_type=\"widget\" data-widget_type=\"heading.default\">\n\t\t\t\t<div class=\"elementor-widget-container\">\n\t\t\t<style>\/*! elementor - v3.13.2 - 11-05-2023 *\/\n.elementor-heading-title{padding:0;margin:0;line-height:1}.elementor-widget-heading .elementor-heading-title[class*=elementor-size-]>a{color:inherit;font-size:inherit;line-height:inherit}.elementor-widget-heading .elementor-heading-title.elementor-size-small{font-size:15px}.elementor-widget-heading .elementor-heading-title.elementor-size-medium{font-size:19px}.elementor-widget-heading .elementor-heading-title.elementor-size-large{font-size:29px}.elementor-widget-heading .elementor-heading-title.elementor-size-xl{font-size:39px}.elementor-widget-heading .elementor-heading-title.elementor-size-xxl{font-size:59px}<\/style><h1 class=\"elementor-heading-title elementor-size-default\">Ubezpieczenia Zdrowotne<\/h1>\t\t<\/div>\n\t\t\t\t<\/div>\n\t\t\t\t<div class=\"elementor-element elementor-element-9410de3 elementor-widget elementor-widget-heading\" data-id=\"9410de3\" data-element_type=\"widget\" data-widget_type=\"heading.default\">\n\t\t\t\t<div class=\"elementor-widget-container\">\n\t\t\t<h1 class=\"elementor-heading-title elementor-size-default\">Ubezpieczenie zdrowia<\/h1>\t\t<\/div>\n\t\t\t\t<\/div>\n\t\t\t\t<div class=\"elementor-element elementor-element-8b6d391 elementor-widget elementor-widget-text-editor\" data-id=\"8b6d391\" data-element_type=\"widget\" data-widget_type=\"text-editor.default\">\n\t\t\t\t<div class=\"elementor-widget-container\">\n\t\t\t<style>\/*! elementor - v3.13.2 - 11-05-2023 *\/\n.elementor-widget-text-editor.elementor-drop-cap-view-stacked .elementor-drop-cap{background-color:#69727d;color:#fff}.elementor-widget-text-editor.elementor-drop-cap-view-framed .elementor-drop-cap{color:#69727d;border:3px solid;background-color:transparent}.elementor-widget-text-editor:not(.elementor-drop-cap-view-default) .elementor-drop-cap{margin-top:8px}.elementor-widget-text-editor:not(.elementor-drop-cap-view-default) .elementor-drop-cap-letter{width:1em;height:1em}.elementor-widget-text-editor .elementor-drop-cap{float:left;text-align:center;line-height:1;font-size:50px}.elementor-widget-text-editor .elementor-drop-cap-letter{display:inline-block}<\/style>\t\t\t\t<p>Zdrowie jest najwa\u017cniejsze \u2013 i w\u0142a\u015bnie z my\u015bl\u0105 o nim powsta\u0142o ubezpieczenie zdrowia. Bezp\u0142atna opieka medyczna z NFZ, do kt\u00f3rej masz prawo dzi\u0119ki odprowadzaniu sk\u0142adek do ZUS-u, czasami nie dzia\u0142a tak, jak powinna. Wtedy dobrowolne ubezpieczenie zdrowia mo\u017ce okaza\u0107 si\u0119 nieocenione.<br \/>Z prywatnym ubezpieczeniem zdrowia masz dost\u0119p do wielu \u015bwiadcze\u0144, dzi\u0119ki kt\u00f3rym profilaktyka czy leczenie b\u0119d\u0105 \u0142atwiejsze. W pakiecie mo\u017cesz mie\u0107 m.in.:<br \/>\u00b7 wizyty lekarskie, w tym teleporady,<br \/>\u00b7 konsultacje u specjalist\u00f3w,<br \/>\u00b7 badania ambulatoryjne i diagnostyczne,<br \/>\u00b7 zabiegi i operacje,<br \/>\u00b7 szczepienia,<br \/>\u00b7 rehabilitacj\u0119,<br \/>\u00b7 opiek\u0119 piel\u0119gniarsk\u0105,<br \/>\u00b7 leczenie stomatologiczne,<br \/>\u00b7 testy alergiczne,<br \/>\u00b7 prywatne pogotowie ratunkowe.<\/p><p>Wybierz pakiet medyczny dopasowany do Twoich potrzeb i ciesz si\u0119 wysok\u0105 jako\u015bci\u0105 us\u0142ug \u2013 bez kolejek, d\u0142ugiego czasu oczekiwania i dop\u0142acania.<\/p>\t\t\t\t\t\t<\/div>\n\t\t\t\t<\/div>\n\t\t\t\t<div class=\"elementor-element elementor-element-e068802 elementor-widget elementor-widget-heading\" data-id=\"e068802\" data-element_type=\"widget\" data-widget_type=\"heading.default\">\n\t\t\t\t<div class=\"elementor-widget-container\">\n\t\t\t<h1 class=\"elementor-heading-title elementor-size-default\">Dlaczego warto mie\u0107 prywatne ubezpieczenie zdrowia?<\/h1>\t\t<\/div>\n\t\t\t\t<\/div>\n\t\t\t\t<div class=\"elementor-element elementor-element-064c265 elementor-widget elementor-widget-text-editor\" data-id=\"064c265\" data-element_type=\"widget\" data-widget_type=\"text-editor.default\">\n\t\t\t\t<div class=\"elementor-widget-container\">\n\t\t\t\t\t\t\t<p>Czas to zas\u00f3b, kt\u00f3ry jest ograniczony i nie mo\u017cna go dokupi\u0107 czy odzyska\u0107. W przypadku wielu dolegliwo\u015bci ma on kluczowe znaczenie \u2013 nie b\u0119dziesz przecie\u017c czeka\u0107 kilka miesi\u0119cy na konsultacj\u0119 z lekarzem. Niestety, cz\u0119sto musisz go traci\u0107 na oczekiwanie w kolejce do specjalisty, je\u015bli korzystasz z us\u0142ug publicznej s\u0142u\u017cby zdrowia. Brzmi znajomo? Prywatne ubezpieczenie zdrowia pozwala Ci zaoszcz\u0119dzi\u0107 czas, poniewa\u017c na wizyt\u0119 u wybranego lekarza b\u0119dziesz czeka\u0107 kr\u00f3cej. Co wi\u0119cej, aby spotka\u0107 si\u0119 ze specjalist\u0105, cz\u0119sto skierowanie nie jest wymagane. To dodatkowo skraca czas oczekiwania na konsultacj\u0119.<\/p><p>Na specjalistyczne badania w ramach ubezpieczenia zdrowotnego w NFZ r\u00f3wnie\u017c trzeba czeka\u0107. A je\u015bli zale\u017cy Ci na czasie i b\u0119dziesz zmuszony zrobi\u0107 je w prywatnej plac\u00f3wce, ich cena mo\u017ce by\u0107 wysoka. Prywatne ubezpieczenie pozwoli Ci zatem zaoszcz\u0119dzi\u0107 nie tylko czas, ale i pieni\u0105dze.<\/p>\t\t\t\t\t\t<\/div>\n\t\t\t\t<\/div>\n\t\t\t\t<div class=\"elementor-element elementor-element-12bb551 elementor-widget elementor-widget-heading\" data-id=\"12bb551\" data-element_type=\"widget\" data-widget_type=\"heading.default\">\n\t\t\t\t<div class=\"elementor-widget-container\">\n\t\t\t<h1 class=\"elementor-heading-title elementor-size-default\">Co wp\u0142ywa na wysoko\u015b\u0107 sk\u0142adki za ubezpieczenie zdrowia?<\/h1>\t\t<\/div>\n\t\t\t\t<\/div>\n\t\t\t\t<div class=\"elementor-element elementor-element-f81963c elementor-widget elementor-widget-text-editor\" data-id=\"f81963c\" data-element_type=\"widget\" data-widget_type=\"text-editor.default\">\n\t\t\t\t<div class=\"elementor-widget-container\">\n\t\t\t\t\t\t\t<p>Wybieraj\u0105c jakiekolwiek ubezpieczenie, zwracasz uwag\u0119 na cen\u0119 polisy. Sk\u0142adka na ubezpieczenie b\u0119dzie zale\u017ca\u0142a od tego, w jakim towarzystwie zakupisz polis\u0119 i od zakresu, jaki wybierzesz \u2013 im bogatszy pakiet us\u0142ug medycznych, tym wy\u017csza sk\u0142adka.<\/p><p>Jednym z czynnik\u00f3w kszta\u0142tuj\u0105cych ostateczn\u0105 cen\u0119 ubezpieczenia zdrowia jest tak\u017ce wiek ubezpieczonego. Wraz z wiekiem ro\u015bnie lista schorze\u0144, na kt\u00f3re nara\u017cony jest cz\u0142owiek i jednocze\u015bnie wzrasta r\u00f3wnie\u017c sk\u0142adka na ubezpieczenie.<\/p><p>Prywatne ubezpieczenie zdrowia w wariancie podstawowym mo\u017cesz ju\u017c mie\u0107 za kilkadziesi\u0105t z\u0142otych miesi\u0119cznie. Jest to zatem ma\u0142y wydatek w stosunku do korzy\u015bci, jakie zyskujesz. A zdrowie, to co\u015b, na czym nie warto oszcz\u0119dza\u0107.<\/p><p>Wyb\u00f3r odpowiedniego ubezpieczenia zdrowia nie nale\u017cy do naj\u0142atwiejszych. Warto zatem poradzi\u0107 si\u0119 w tej kwestii osoby, kt\u00f3ra posiada wiedz\u0119 i pomo\u017ce Ci wybra\u0107 najlepszy dla Ciebie produkt. Tak\u0105 osob\u0105 na pewno jest jeden z naszych Dobrych Agent\u00f3w.<\/p>\t\t\t\t\t\t<\/div>\n\t\t\t\t<\/div>\n\t\t\t\t\t<\/div>\n\t\t<\/div>\n\t\t\t\t\t\t\t<\/div>\n\t\t<\/section>\n\t\t\t\t\t\t\t<\/div>\n\t\t","protected":false},"excerpt":{"rendered":"<p>Ubezpieczenia Zdrowotne Ubezpieczenie zdrowia Zdrowie jest najwa\u017cniejsze \u2013 i w\u0142a\u015bnie z my\u015bl\u0105 o nim powsta\u0142o ubezpieczenie zdrowia. Bezp\u0142atna opieka medyczna z NFZ, do kt\u00f3rej masz prawo dzi\u0119ki odprowadzaniu sk\u0142adek do ZUS-u, czasami nie dzia\u0142a tak, jak powinna. Wtedy dobrowolne ubezpieczenie zdrowia mo\u017ce okaza\u0107 si\u0119 nieocenione.Z prywatnym ubezpieczeniem zdrowia masz dost\u0119p do wielu \u015bwiadcze\u0144, dzi\u0119ki kt\u00f3rym [&hellip;]<\/p>\n","protected":false},"author":1,"featured_media":0,"parent":1212,"menu_order":0,"comment_status":"closed","ping_status":"closed","template":"","meta":{"ocean_post_layout":"full-screen","ocean_both_sidebars_style":"","ocean_both_sidebars_content_width":0,"ocean_both_sidebars_sidebars_width":0,"ocean_sidebar":"","ocean_second_sidebar":"","ocean_disable_margins":"enable","ocean_add_body_class":"","ocean_shortcode_before_top_bar":"","ocean_shortcode_after_top_bar":"","ocean_shortcode_before_header":"","ocean_shortcode_after_header":"","ocean_has_shortcode":"","ocean_shortcode_after_title":"","ocean_shortcode_before_footer_widgets":"","ocean_shortcode_after_footer_widgets":"","ocean_shortcode_before_footer_bottom":"","ocean_shortcode_after_footer_bottom":"","ocean_display_top_bar":"default","ocean_display_header":"default","ocean_header_style":"","ocean_center_header_left_menu":"","ocean_custom_header_template":"","ocean_custom_logo":0,"ocean_custom_retina_logo":0,"ocean_custom_logo_max_width":0,"ocean_custom_logo_tablet_max_width":0,"ocean_custom_logo_mobile_max_width":0,"ocean_custom_logo_max_height":0,"ocean_custom_logo_tablet_max_height":0,"ocean_custom_logo_mobile_max_height":0,"ocean_header_custom_menu":"","ocean_menu_typo_font_family":"","ocean_menu_typo_font_subset":"","ocean_menu_typo_font_size":0,"ocean_menu_typo_font_size_tablet":0,"ocean_menu_typo_font_size_mobile":0,"ocean_menu_typo_font_size_unit":"px","ocean_menu_typo_font_weight":"","ocean_menu_typo_font_weight_tablet":"","ocean_menu_typo_font_weight_mobile":"","ocean_menu_typo_transform":"","ocean_menu_typo_transform_tablet":"","ocean_menu_typo_transform_mobile":"","ocean_menu_typo_line_height":0,"ocean_menu_typo_line_height_tablet":0,"ocean_menu_typo_line_height_mobile":0,"ocean_menu_typo_line_height_unit":"","ocean_menu_typo_spacing":0,"ocean_menu_typo_spacing_tablet":0,"ocean_menu_typo_spacing_mobile":0,"ocean_menu_typo_spacing_unit":"","ocean_menu_link_color":"","ocean_menu_link_color_hover":"","ocean_menu_link_color_active":"","ocean_menu_link_background":"","ocean_menu_link_hover_background":"","ocean_menu_link_active_background":"","ocean_menu_social_links_bg":"","ocean_menu_social_hover_links_bg":"","ocean_menu_social_links_color":"","ocean_menu_social_hover_links_color":"","ocean_disable_title":"on","ocean_disable_heading":"default","ocean_post_title":"","ocean_post_subheading":"","ocean_post_title_style":"","ocean_post_title_background_color":"","ocean_post_title_background":0,"ocean_post_title_bg_image_position":"","ocean_post_title_bg_image_attachment":"","ocean_post_title_bg_image_repeat":"","ocean_post_title_bg_image_size":"","ocean_post_title_height":0,"ocean_post_title_bg_overlay":0.5,"ocean_post_title_bg_overlay_color":"","ocean_disable_breadcrumbs":"default","ocean_breadcrumbs_color":"","ocean_breadcrumbs_separator_color":"","ocean_breadcrumbs_links_color":"","ocean_breadcrumbs_links_hover_color":"","ocean_display_footer_widgets":"default","ocean_display_footer_bottom":"default","ocean_custom_footer_template":"","footnotes":""},"class_list":["post-1527","page","type-page","status-publish","hentry","entry"],"_links":{"self":[{"href":"https:\/\/www.eseguro.pl\/index.php?rest_route=\/wp\/v2\/pages\/1527","targetHints":{"allow":["GET"]}}],"collection":[{"href":"https:\/\/www.eseguro.pl\/index.php?rest_route=\/wp\/v2\/pages"}],"about":[{"href":"https:\/\/www.eseguro.pl\/index.php?rest_route=\/wp\/v2\/types\/page"}],"author":[{"embeddable":true,"href":"https:\/\/www.eseguro.pl\/index.php?rest_route=\/wp\/v2\/users\/1"}],"replies":[{"embeddable":true,"href":"https:\/\/www.eseguro.pl\/index.php?rest_route=%2Fwp%2Fv2%2Fcomments&post=1527"}],"version-history":[{"count":13,"href":"https:\/\/www.eseguro.pl\/index.php?rest_route=\/wp\/v2\/pages\/1527\/revisions"}],"predecessor-version":[{"id":1664,"href":"https:\/\/www.eseguro.pl\/index.php?rest_route=\/wp\/v2\/pages\/1527\/revisions\/1664"}],"up":[{"embeddable":true,"href":"https:\/\/www.eseguro.pl\/index.php?rest_route=\/wp\/v2\/pages\/1212"}],"wp:attachment":[{"href":"https:\/\/www.eseguro.pl\/index.php?rest_route=%2Fwp%2Fv2%2Fmedia&parent=1527"}],"curies":[{"name":"wp","href":"https:\/\/api.w.org\/{rel}","templated":true}]}}