{"id":1461,"date":"2025-04-12T19:17:56","date_gmt":"2025-04-12T17:17:56","guid":{"rendered":"https:\/\/www.serwer1815201.home.pl\/eseguro\/?page_id=1461"},"modified":"2025-04-25T16:55:51","modified_gmt":"2025-04-25T14:55:51","slug":"turystyczne","status":"publish","type":"page","link":"https:\/\/www.eseguro.pl\/?page_id=1461","title":{"rendered":"Turystyczne"},"content":{"rendered":"\t\t<div data-elementor-type=\"wp-page\" data-elementor-id=\"1461\" class=\"elementor elementor-1461\">\n\t\t\t\t\t\t\t\t\t<section class=\"elementor-section elementor-top-section elementor-element elementor-element-27524a9 elementor-section-full_width elementor-section-stretched elementor-section-height-default elementor-section-height-default\" data-id=\"27524a9\" data-element_type=\"section\" data-settings=\"{&quot;stretch_section&quot;:&quot;section-stretched&quot;}\">\n\t\t\t\t\t\t<div class=\"elementor-container elementor-column-gap-no\">\n\t\t\t\t\t<div class=\"elementor-column elementor-col-100 elementor-top-column elementor-element elementor-element-14d3ac0\" data-id=\"14d3ac0\" data-element_type=\"column\">\n\t\t\t<div class=\"elementor-widget-wrap elementor-element-populated\">\n\t\t\t\t\t\t\t\t<div class=\"elementor-element elementor-element-19ecf63 elementor-widget elementor-widget-image\" data-id=\"19ecf63\" data-element_type=\"widget\" data-widget_type=\"image.default\">\n\t\t\t\t<div class=\"elementor-widget-container\">\n\t\t\t<style>\/*! elementor - v3.13.2 - 11-05-2023 *\/\n.elementor-widget-image{text-align:center}.elementor-widget-image a{display:inline-block}.elementor-widget-image a img[src$=\".svg\"]{width:48px}.elementor-widget-image img{vertical-align:middle;display:inline-block}<\/style>\t\t\t\t\t\t\t\t\t\t\t\t<img loading=\"lazy\" decoding=\"async\" width=\"1800\" height=\"600\" src=\"https:\/\/www.eseguro.pl\/wp-content\/uploads\/2025\/04\/1Touristic.jpg\" class=\"attachment-full size-full wp-image-1499\" alt=\"\" srcset=\"https:\/\/www.eseguro.pl\/wp-content\/uploads\/2025\/04\/1Touristic.jpg 1800w, https:\/\/www.eseguro.pl\/wp-content\/uploads\/2025\/04\/1Touristic-300x100.jpg 300w, https:\/\/www.eseguro.pl\/wp-content\/uploads\/2025\/04\/1Touristic-1024x341.jpg 1024w, https:\/\/www.eseguro.pl\/wp-content\/uploads\/2025\/04\/1Touristic-768x256.jpg 768w, https:\/\/www.eseguro.pl\/wp-content\/uploads\/2025\/04\/1Touristic-1536x512.jpg 1536w\" sizes=\"auto, (max-width: 1800px) 100vw, 1800px\" \/>\t\t\t\t\t\t\t\t\t\t\t\t\t\t\t<\/div>\n\t\t\t\t<\/div>\n\t\t\t\t\t<\/div>\n\t\t<\/div>\n\t\t\t\t\t\t\t<\/div>\n\t\t<\/section>\n\t\t\t\t<section class=\"elementor-section elementor-top-section elementor-element elementor-element-d11dc25 elementor-section-boxed elementor-section-height-default elementor-section-height-default\" data-id=\"d11dc25\" data-element_type=\"section\">\n\t\t\t\t\t\t<div class=\"elementor-container elementor-column-gap-default\">\n\t\t\t\t\t<div class=\"elementor-column elementor-col-100 elementor-top-column elementor-element elementor-element-d10ee84\" data-id=\"d10ee84\" data-element_type=\"column\">\n\t\t\t<div class=\"elementor-widget-wrap elementor-element-populated\">\n\t\t\t\t\t\t\t\t<div class=\"elementor-element elementor-element-73f6d0b elementor-widget elementor-widget-spacer\" data-id=\"73f6d0b\" data-element_type=\"widget\" data-widget_type=\"spacer.default\">\n\t\t\t\t<div class=\"elementor-widget-container\">\n\t\t\t<style>\/*! elementor - v3.13.2 - 11-05-2023 *\/\n.elementor-column .elementor-spacer-inner{height:var(--spacer-size)}.e-con{--container-widget-width:100%}.e-con-inner>.elementor-widget-spacer,.e-con>.elementor-widget-spacer{width:var(--container-widget-width,var(--spacer-size));--align-self:var(--container-widget-align-self,initial);--flex-shrink:0}.e-con-inner>.elementor-widget-spacer>.elementor-widget-container,.e-con-inner>.elementor-widget-spacer>.elementor-widget-container>.elementor-spacer,.e-con>.elementor-widget-spacer>.elementor-widget-container,.e-con>.elementor-widget-spacer>.elementor-widget-container>.elementor-spacer{height:100%}.e-con-inner>.elementor-widget-spacer>.elementor-widget-container>.elementor-spacer>.elementor-spacer-inner,.e-con>.elementor-widget-spacer>.elementor-widget-container>.elementor-spacer>.elementor-spacer-inner{height:var(--container-widget-height,var(--spacer-size))}<\/style>\t\t<div class=\"elementor-spacer\">\n\t\t\t<div class=\"elementor-spacer-inner\"><\/div>\n\t\t<\/div>\n\t\t\t\t<\/div>\n\t\t\t\t<\/div>\n\t\t\t\t<div class=\"elementor-element elementor-element-c34a30b elementor-widget elementor-widget-heading\" data-id=\"c34a30b\" data-element_type=\"widget\" data-widget_type=\"heading.default\">\n\t\t\t\t<div class=\"elementor-widget-container\">\n\t\t\t<style>\/*! elementor - v3.13.2 - 11-05-2023 *\/\n.elementor-heading-title{padding:0;margin:0;line-height:1}.elementor-widget-heading .elementor-heading-title[class*=elementor-size-]>a{color:inherit;font-size:inherit;line-height:inherit}.elementor-widget-heading .elementor-heading-title.elementor-size-small{font-size:15px}.elementor-widget-heading .elementor-heading-title.elementor-size-medium{font-size:19px}.elementor-widget-heading .elementor-heading-title.elementor-size-large{font-size:29px}.elementor-widget-heading .elementor-heading-title.elementor-size-xl{font-size:39px}.elementor-widget-heading .elementor-heading-title.elementor-size-xxl{font-size:59px}<\/style><h1 class=\"elementor-heading-title elementor-size-default\">Ubezpieczenia Turystyczne<\/h1>\t\t<\/div>\n\t\t\t\t<\/div>\n\t\t\t\t<div class=\"elementor-element elementor-element-eb5193b elementor-widget elementor-widget-heading\" data-id=\"eb5193b\" data-element_type=\"widget\" data-widget_type=\"heading.default\">\n\t\t\t\t<div class=\"elementor-widget-container\">\n\t\t\t<h1 class=\"elementor-heading-title elementor-size-default\">Ubezpieczenia Turystyczne<\/h1>\t\t<\/div>\n\t\t\t\t<\/div>\n\t\t\t\t<div class=\"elementor-element elementor-element-c66131c elementor-widget elementor-widget-text-editor\" data-id=\"c66131c\" data-element_type=\"widget\" data-widget_type=\"text-editor.default\">\n\t\t\t\t<div class=\"elementor-widget-container\">\n\t\t\t<style>\/*! elementor - v3.13.2 - 11-05-2023 *\/\n.elementor-widget-text-editor.elementor-drop-cap-view-stacked .elementor-drop-cap{background-color:#69727d;color:#fff}.elementor-widget-text-editor.elementor-drop-cap-view-framed .elementor-drop-cap{color:#69727d;border:3px solid;background-color:transparent}.elementor-widget-text-editor:not(.elementor-drop-cap-view-default) .elementor-drop-cap{margin-top:8px}.elementor-widget-text-editor:not(.elementor-drop-cap-view-default) .elementor-drop-cap-letter{width:1em;height:1em}.elementor-widget-text-editor .elementor-drop-cap{float:left;text-align:center;line-height:1;font-size:50px}.elementor-widget-text-editor .elementor-drop-cap-letter{display:inline-block}<\/style>\t\t\t\t<p>Na wakacje jedziesz po to, aby zamartwia\u0107 si\u0119 tym, co mo\u017ce si\u0119 wydarzy\u0107, czy wypoczywa\u0107? Odpowied\u017a jest oczywista. Ubezpieczenie turystyczne zapewni Ci wsparcie w przypadku zdarze\u0144 losowych, wi\u0119c nie musisz o nich my\u015ble\u0107. A ju\u017c sama \u015bwiadomo\u015b\u0107, \u017ce masz polis\u0119, zadzia\u0142a koj\u0105co i z pewno\u015bci\u0105 pozwoli Ci oddawa\u0107 si\u0119 b\u0142ogiemu wypoczynkowi w pe\u0142ni.<\/p><p>Kierunek podr\u00f3\u017cy i czas jej trwania nie ma znaczenia. Do wyboru masz bowiem ubezpieczenia turystyczne kr\u00f3tkoterminowe i d\u0142ugoterminowe, kt\u00f3re b\u0119d\u0105 obejmowa\u0107 Ci\u0119 ochron\u0105 podczas urlopu zar\u00f3wno w krajach europejskich, jak i na terenie wielu pa\u0144stw w innych rejonach \u015bwiata.<\/p>\t\t\t\t\t\t<\/div>\n\t\t\t\t<\/div>\n\t\t\t\t<div class=\"elementor-element elementor-element-b6c70e5 elementor-widget elementor-widget-heading\" data-id=\"b6c70e5\" data-element_type=\"widget\" data-widget_type=\"heading.default\">\n\t\t\t\t<div class=\"elementor-widget-container\">\n\t\t\t<h1 class=\"elementor-heading-title elementor-size-default\">Zakres ubezpieczenia turystycznego<\/h1>\t\t<\/div>\n\t\t\t\t<\/div>\n\t\t\t\t<div class=\"elementor-element elementor-element-10b97f2 elementor-widget elementor-widget-text-editor\" data-id=\"10b97f2\" data-element_type=\"widget\" data-widget_type=\"text-editor.default\">\n\t\t\t\t<div class=\"elementor-widget-container\">\n\t\t\t\t\t\t\t<p>Ubezpieczenie turystyczne obejmuje swoim zakresem wiele zdarze\u0144, do kt\u00f3rych mo\u017ce doj\u015b\u0107 w trakcie podr\u00f3\u017cy. Jej zakup to wiele korzy\u015bci, takich jak np.:<br \/>\u00b7 pokrycie koszt\u00f3w leczenia i pomocy assistance \u2013 badania i zabiegi, zakup \u015brodk\u00f3w opatrunkowych i lekarstw, hospitalizacja,<br \/>\u00b7 transport ubezpieczonego i jego bliskich do Polski,<br \/>\u00b7 poszukiwanie i ratownictwo w g\u00f3rach\/na morzu,<br \/>\u00b7 pomoc prawnika i t\u0142umacza,<br \/>\u00b7 ubezpieczenie baga\u017cu,<br \/>\u00b7 pomoc w kontynuowaniu podr\u00f3\u017cy.<\/p><p>Towarzystwa ubezpieczeniowe reaguj\u0105 na potrzeby klient\u00f3w i oferuj\u0105 wiele dodatkowych pakiet\u00f3w. Mo\u017cna do nich zaliczy\u0107 ubezpieczenie sprz\u0119tu sportowego czy ubezpieczenia z rozszerzeniem obejmuj\u0105cym amatorskie sporty zimowe, ekstremalne i wysokiego ryzyka.<\/p>\t\t\t\t\t\t<\/div>\n\t\t\t\t<\/div>\n\t\t\t\t<div class=\"elementor-element elementor-element-2f3991d elementor-widget elementor-widget-heading\" data-id=\"2f3991d\" data-element_type=\"widget\" data-widget_type=\"heading.default\">\n\t\t\t\t<div class=\"elementor-widget-container\">\n\t\t\t<h1 class=\"elementor-heading-title elementor-size-default\">Jakie czynniki wp\u0142ywaj\u0105 na cen\u0119 polisy turystycznej?<\/h1>\t\t<\/div>\n\t\t\t\t<\/div>\n\t\t\t\t<div class=\"elementor-element elementor-element-a9288f4 elementor-widget elementor-widget-text-editor\" data-id=\"a9288f4\" data-element_type=\"widget\" data-widget_type=\"text-editor.default\">\n\t\t\t\t<div class=\"elementor-widget-container\">\n\t\t\t\t\t\t\t<p>Jednym z g\u0142\u00f3wnych czynnik\u00f3w, kt\u00f3re wp\u0142ywaj\u0105 na cen\u0119 polisy turystycznych, jest wspomniany wy\u017cej zakres ochrony ubezpieczeniowej. Jednak s\u0105 r\u00f3wnie\u017c inne czynniki, od kt\u00f3rych zale\u017cy koszt ubezpieczenia podr\u00f3\u017cnego. Mo\u017cna do nich zaliczy\u0107:<br \/>\u00b7 okres ochrony \u2013 w przypadku polis d\u0142ugoterminowych koszt b\u0119dzie wi\u0119kszy,<br \/>\u00b7 kierunek podr\u00f3\u017cy \u2013 ubezpieczenie na europejskie wakacje b\u0119dzie ta\u0144sze ni\u017c to na dalsze wyprawy,<br \/>\u00b7 wiek ubezpieczonych \u2013 wy\u017cszy wiek to wy\u017csza cena polisy,<br \/>\u00b7 liczba ubezpieczonych \u2013 im wi\u0119cej podr\u00f3\u017cnych, tym weselej i\u2026 dro\u017cej.<\/p><p>Oczywi\u015bcie nie warto oszcz\u0119dza\u0107 na takim ubezpieczeniu, tym bardziej, \u017ce koszt dzienny zaczyna si\u0119 ju\u017c od kilku z\u0142otych<\/p>\t\t\t\t\t\t<\/div>\n\t\t\t\t<\/div>\n\t\t\t\t<div class=\"elementor-element elementor-element-e86c525 elementor-widget elementor-widget-heading\" data-id=\"e86c525\" data-element_type=\"widget\" data-widget_type=\"heading.default\">\n\t\t\t\t<div class=\"elementor-widget-container\">\n\t\t\t<h1 class=\"elementor-heading-title elementor-size-default\">Jak wybra\u0107 ubezpieczenie turystyczne?<\/h1>\t\t<\/div>\n\t\t\t\t<\/div>\n\t\t\t\t<div class=\"elementor-element elementor-element-df83b56 elementor-widget elementor-widget-text-editor\" data-id=\"df83b56\" data-element_type=\"widget\" data-widget_type=\"text-editor.default\">\n\t\t\t\t<div class=\"elementor-widget-container\">\n\t\t\t\t\t\t\t<p>Wyb\u00f3r dobrego ubezpieczenia turystycznego mo\u017ce by\u0107 trudny, poniewa\u017c trzeba przeanalizowa\u0107 i por\u00f3wna\u0107 r\u00f3\u017cne oferty, co jest czasoch\u0142onne. Na pewno warto pami\u0119ta\u0107 o tym, \u017ce zakup polisy powinien by\u0107 \u015bci\u015ble powi\u0105zany z charakterem wyprawy.<\/p><p>S\u0105 jednak rzeczy, kt\u00f3re ka\u017cde ubezpieczenie podr\u00f3\u017cne po prostu musi mie\u0107. To przede wszystkim ubezpieczenie koszt\u00f3w leczenia (bo koszt opieki medycznej za granic\u0105 mo\u017ce przyprawi\u0107 o zawr\u00f3t g\u0142owy) oraz pakiet NNW \u2013 w ko\u0144cu wypadki te\u017c si\u0119 zdarzaj\u0105, nawet je\u015bli zachowujesz zdrowy rozs\u0105dek i \u015brodki ostro\u017cno\u015bci.<\/p><p>Lubisz poleniuchowa\u0107? Na wakacjach zamierzasz po prostu le\u017ce\u0107 na pla\u017cy i opala\u0107 si\u0119, ewentualnie pozwiedza\u0107 okolic\u0119? Taki podstawowy pakiet z ubezpieczeniem koszt\u00f3w leczenia i NNW da Ci poczucie bezpiecze\u0144stwa.<\/p><p>Je\u017celi jednak uznajesz jedynie aktywny wypoczynek i poci\u0105gaj\u0105 Ci\u0119 sporty wysokiego ryzyka lub ekstremalne, to Twoja polisa turystyczna powinna by\u0107 skonstruowana inaczej. W tym przypadku b\u0119dziesz musia\u0142 dokupi\u0107 dodatkowy pakiet, kt\u00f3ry rozszerzy ochron\u0119 ubezpieczeniow\u0105 o wymienione wy\u017cej formy aktywno\u015bci fizycznej.<\/p><p>Chcesz zyska\u0107 pewno\u015b\u0107, \u017ce wybrane przez Ciebie ubezpieczenie podr\u00f3\u017cne zapewni Ci odpowiedni\u0105 ochron\u0119 w czasie urlopu? Skorzystaj z pomocy Dobrego Agenta.<\/p>\t\t\t\t\t\t<\/div>\n\t\t\t\t<\/div>\n\t\t\t\t\t<\/div>\n\t\t<\/div>\n\t\t\t\t\t\t\t<\/div>\n\t\t<\/section>\n\t\t\t\t\t\t\t<\/div>\n\t\t","protected":false},"excerpt":{"rendered":"<p>Ubezpieczenia Turystyczne Ubezpieczenia Turystyczne Na wakacje jedziesz po to, aby zamartwia\u0107 si\u0119 tym, co mo\u017ce si\u0119 wydarzy\u0107, czy wypoczywa\u0107? Odpowied\u017a jest oczywista. Ubezpieczenie turystyczne zapewni Ci wsparcie w przypadku zdarze\u0144 losowych, wi\u0119c nie musisz o nich my\u015ble\u0107. A ju\u017c sama \u015bwiadomo\u015b\u0107, \u017ce masz polis\u0119, zadzia\u0142a koj\u0105co i z pewno\u015bci\u0105 pozwoli Ci oddawa\u0107 si\u0119 b\u0142ogiemu wypoczynkowi [&hellip;]<\/p>\n","protected":false},"author":1,"featured_media":0,"parent":1212,"menu_order":0,"comment_status":"closed","ping_status":"closed","template":"","meta":{"ocean_post_layout":"full-screen","ocean_both_sidebars_style":"","ocean_both_sidebars_content_width":0,"ocean_both_sidebars_sidebars_width":0,"ocean_sidebar":"","ocean_second_sidebar":"","ocean_disable_margins":"enable","ocean_add_body_class":"","ocean_shortcode_before_top_bar":"","ocean_shortcode_after_top_bar":"","ocean_shortcode_before_header":"","ocean_shortcode_after_header":"","ocean_has_shortcode":"","ocean_shortcode_after_title":"","ocean_shortcode_before_footer_widgets":"","ocean_shortcode_after_footer_widgets":"","ocean_shortcode_before_footer_bottom":"","ocean_shortcode_after_footer_bottom":"","ocean_display_top_bar":"default","ocean_display_header":"default","ocean_header_style":"","ocean_center_header_left_menu":"","ocean_custom_header_template":"","ocean_custom_logo":0,"ocean_custom_retina_logo":0,"ocean_custom_logo_max_width":0,"ocean_custom_logo_tablet_max_width":0,"ocean_custom_logo_mobile_max_width":0,"ocean_custom_logo_max_height":0,"ocean_custom_logo_tablet_max_height":0,"ocean_custom_logo_mobile_max_height":0,"ocean_header_custom_menu":"","ocean_menu_typo_font_family":"","ocean_menu_typo_font_subset":"","ocean_menu_typo_font_size":0,"ocean_menu_typo_font_size_tablet":0,"ocean_menu_typo_font_size_mobile":0,"ocean_menu_typo_font_size_unit":"px","ocean_menu_typo_font_weight":"","ocean_menu_typo_font_weight_tablet":"","ocean_menu_typo_font_weight_mobile":"","ocean_menu_typo_transform":"","ocean_menu_typo_transform_tablet":"","ocean_menu_typo_transform_mobile":"","ocean_menu_typo_line_height":0,"ocean_menu_typo_line_height_tablet":0,"ocean_menu_typo_line_height_mobile":0,"ocean_menu_typo_line_height_unit":"","ocean_menu_typo_spacing":0,"ocean_menu_typo_spacing_tablet":0,"ocean_menu_typo_spacing_mobile":0,"ocean_menu_typo_spacing_unit":"","ocean_menu_link_color":"","ocean_menu_link_color_hover":"","ocean_menu_link_color_active":"","ocean_menu_link_background":"","ocean_menu_link_hover_background":"","ocean_menu_link_active_background":"","ocean_menu_social_links_bg":"","ocean_menu_social_hover_links_bg":"","ocean_menu_social_links_color":"","ocean_menu_social_hover_links_color":"","ocean_disable_title":"on","ocean_disable_heading":"default","ocean_post_title":"","ocean_post_subheading":"","ocean_post_title_style":"","ocean_post_title_background_color":"","ocean_post_title_background":0,"ocean_post_title_bg_image_position":"","ocean_post_title_bg_image_attachment":"","ocean_post_title_bg_image_repeat":"","ocean_post_title_bg_image_size":"","ocean_post_title_height":0,"ocean_post_title_bg_overlay":0.5,"ocean_post_title_bg_overlay_color":"","ocean_disable_breadcrumbs":"default","ocean_breadcrumbs_color":"","ocean_breadcrumbs_separator_color":"","ocean_breadcrumbs_links_color":"","ocean_breadcrumbs_links_hover_color":"","ocean_display_footer_widgets":"default","ocean_display_footer_bottom":"default","ocean_custom_footer_template":"","footnotes":""},"class_list":["post-1461","page","type-page","status-publish","hentry","entry"],"_links":{"self":[{"href":"https:\/\/www.eseguro.pl\/index.php?rest_route=\/wp\/v2\/pages\/1461","targetHints":{"allow":["GET"]}}],"collection":[{"href":"https:\/\/www.eseguro.pl\/index.php?rest_route=\/wp\/v2\/pages"}],"about":[{"href":"https:\/\/www.eseguro.pl\/index.php?rest_route=\/wp\/v2\/types\/page"}],"author":[{"embeddable":true,"href":"https:\/\/www.eseguro.pl\/index.php?rest_route=\/wp\/v2\/users\/1"}],"replies":[{"embeddable":true,"href":"https:\/\/www.eseguro.pl\/index.php?rest_route=%2Fwp%2Fv2%2Fcomments&post=1461"}],"version-history":[{"count":25,"href":"https:\/\/www.eseguro.pl\/index.php?rest_route=\/wp\/v2\/pages\/1461\/revisions"}],"predecessor-version":[{"id":1655,"href":"https:\/\/www.eseguro.pl\/index.php?rest_route=\/wp\/v2\/pages\/1461\/revisions\/1655"}],"up":[{"embeddable":true,"href":"https:\/\/www.eseguro.pl\/index.php?rest_route=\/wp\/v2\/pages\/1212"}],"wp:attachment":[{"href":"https:\/\/www.eseguro.pl\/index.php?rest_route=%2Fwp%2Fv2%2Fmedia&parent=1461"}],"curies":[{"name":"wp","href":"https:\/\/api.w.org\/{rel}","templated":true}]}}