{"id":1302,"date":"2025-04-10T23:14:11","date_gmt":"2025-04-10T21:14:11","guid":{"rendered":"https:\/\/www.serwer1815201.home.pl\/eseguro\/?page_id=1302"},"modified":"2025-04-25T16:51:25","modified_gmt":"2025-04-25T14:51:25","slug":"na-zycie","status":"publish","type":"page","link":"https:\/\/www.eseguro.pl\/?page_id=1302","title":{"rendered":"Na \u017cycie"},"content":{"rendered":"\t\t<div data-elementor-type=\"wp-page\" data-elementor-id=\"1302\" class=\"elementor elementor-1302\">\n\t\t\t\t\t\t\t\t\t<section class=\"elementor-section elementor-top-section elementor-element elementor-element-68c76a5 elementor-section-full_width elementor-section-stretched elementor-section-height-default elementor-section-height-default\" data-id=\"68c76a5\" data-element_type=\"section\" data-settings=\"{&quot;stretch_section&quot;:&quot;section-stretched&quot;}\">\n\t\t\t\t\t\t<div class=\"elementor-container elementor-column-gap-no\">\n\t\t\t\t\t<div class=\"elementor-column elementor-col-100 elementor-top-column elementor-element elementor-element-3539459\" data-id=\"3539459\" data-element_type=\"column\">\n\t\t\t<div class=\"elementor-widget-wrap elementor-element-populated\">\n\t\t\t\t\t\t\t\t<div class=\"elementor-element elementor-element-f7b3e11 elementor-widget elementor-widget-image\" data-id=\"f7b3e11\" data-element_type=\"widget\" data-widget_type=\"image.default\">\n\t\t\t\t<div class=\"elementor-widget-container\">\n\t\t\t<style>\/*! elementor - v3.13.2 - 11-05-2023 *\/\n.elementor-widget-image{text-align:center}.elementor-widget-image a{display:inline-block}.elementor-widget-image a img[src$=\".svg\"]{width:48px}.elementor-widget-image img{vertical-align:middle;display:inline-block}<\/style>\t\t\t\t\t\t\t\t\t\t\t\t<img loading=\"lazy\" decoding=\"async\" width=\"1800\" height=\"600\" src=\"https:\/\/www.eseguro.pl\/wp-content\/uploads\/2025\/04\/1Zycie.jpg\" class=\"attachment-full size-full wp-image-1477\" alt=\"\" srcset=\"https:\/\/www.eseguro.pl\/wp-content\/uploads\/2025\/04\/1Zycie.jpg 1800w, https:\/\/www.eseguro.pl\/wp-content\/uploads\/2025\/04\/1Zycie-300x100.jpg 300w, https:\/\/www.eseguro.pl\/wp-content\/uploads\/2025\/04\/1Zycie-1024x341.jpg 1024w, https:\/\/www.eseguro.pl\/wp-content\/uploads\/2025\/04\/1Zycie-768x256.jpg 768w, https:\/\/www.eseguro.pl\/wp-content\/uploads\/2025\/04\/1Zycie-1536x512.jpg 1536w\" sizes=\"auto, (max-width: 1800px) 100vw, 1800px\" \/>\t\t\t\t\t\t\t\t\t\t\t\t\t\t\t<\/div>\n\t\t\t\t<\/div>\n\t\t\t\t\t<\/div>\n\t\t<\/div>\n\t\t\t\t\t\t\t<\/div>\n\t\t<\/section>\n\t\t\t\t<section class=\"elementor-section elementor-top-section elementor-element elementor-element-6906ef7 elementor-section-boxed elementor-section-height-default elementor-section-height-default\" data-id=\"6906ef7\" data-element_type=\"section\">\n\t\t\t\t\t\t<div class=\"elementor-container elementor-column-gap-default\">\n\t\t\t\t\t<div class=\"elementor-column elementor-col-100 elementor-top-column elementor-element elementor-element-47bfbf7\" data-id=\"47bfbf7\" data-element_type=\"column\">\n\t\t\t<div class=\"elementor-widget-wrap elementor-element-populated\">\n\t\t\t\t\t\t\t\t<div class=\"elementor-element elementor-element-a00307b elementor-widget elementor-widget-spacer\" data-id=\"a00307b\" data-element_type=\"widget\" data-widget_type=\"spacer.default\">\n\t\t\t\t<div class=\"elementor-widget-container\">\n\t\t\t<style>\/*! elementor - v3.13.2 - 11-05-2023 *\/\n.elementor-column .elementor-spacer-inner{height:var(--spacer-size)}.e-con{--container-widget-width:100%}.e-con-inner>.elementor-widget-spacer,.e-con>.elementor-widget-spacer{width:var(--container-widget-width,var(--spacer-size));--align-self:var(--container-widget-align-self,initial);--flex-shrink:0}.e-con-inner>.elementor-widget-spacer>.elementor-widget-container,.e-con-inner>.elementor-widget-spacer>.elementor-widget-container>.elementor-spacer,.e-con>.elementor-widget-spacer>.elementor-widget-container,.e-con>.elementor-widget-spacer>.elementor-widget-container>.elementor-spacer{height:100%}.e-con-inner>.elementor-widget-spacer>.elementor-widget-container>.elementor-spacer>.elementor-spacer-inner,.e-con>.elementor-widget-spacer>.elementor-widget-container>.elementor-spacer>.elementor-spacer-inner{height:var(--container-widget-height,var(--spacer-size))}<\/style>\t\t<div class=\"elementor-spacer\">\n\t\t\t<div class=\"elementor-spacer-inner\"><\/div>\n\t\t<\/div>\n\t\t\t\t<\/div>\n\t\t\t\t<\/div>\n\t\t\t\t<div class=\"elementor-element elementor-element-9dfcc3d elementor-widget elementor-widget-heading\" data-id=\"9dfcc3d\" data-element_type=\"widget\" data-widget_type=\"heading.default\">\n\t\t\t\t<div class=\"elementor-widget-container\">\n\t\t\t<style>\/*! elementor - v3.13.2 - 11-05-2023 *\/\n.elementor-heading-title{padding:0;margin:0;line-height:1}.elementor-widget-heading .elementor-heading-title[class*=elementor-size-]>a{color:inherit;font-size:inherit;line-height:inherit}.elementor-widget-heading .elementor-heading-title.elementor-size-small{font-size:15px}.elementor-widget-heading .elementor-heading-title.elementor-size-medium{font-size:19px}.elementor-widget-heading .elementor-heading-title.elementor-size-large{font-size:29px}.elementor-widget-heading .elementor-heading-title.elementor-size-xl{font-size:39px}.elementor-widget-heading .elementor-heading-title.elementor-size-xxl{font-size:59px}<\/style><h1 class=\"elementor-heading-title elementor-size-default\">Ubezpieczenia na \u017cycie<\/h1>\t\t<\/div>\n\t\t\t\t<\/div>\n\t\t\t\t<div class=\"elementor-element elementor-element-65dc590 elementor-widget elementor-widget-heading\" data-id=\"65dc590\" data-element_type=\"widget\" data-widget_type=\"heading.default\">\n\t\t\t\t<div class=\"elementor-widget-container\">\n\t\t\t<h1 class=\"elementor-heading-title elementor-size-default\">Ubezpieczenia na \u017cycie<\/h1>\t\t<\/div>\n\t\t\t\t<\/div>\n\t\t\t\t<div class=\"elementor-element elementor-element-d65b972 elementor-widget elementor-widget-text-editor\" data-id=\"d65b972\" data-element_type=\"widget\" data-widget_type=\"text-editor.default\">\n\t\t\t\t<div class=\"elementor-widget-container\">\n\t\t\t<style>\/*! elementor - v3.13.2 - 11-05-2023 *\/\n.elementor-widget-text-editor.elementor-drop-cap-view-stacked .elementor-drop-cap{background-color:#69727d;color:#fff}.elementor-widget-text-editor.elementor-drop-cap-view-framed .elementor-drop-cap{color:#69727d;border:3px solid;background-color:transparent}.elementor-widget-text-editor:not(.elementor-drop-cap-view-default) .elementor-drop-cap{margin-top:8px}.elementor-widget-text-editor:not(.elementor-drop-cap-view-default) .elementor-drop-cap-letter{width:1em;height:1em}.elementor-widget-text-editor .elementor-drop-cap{float:left;text-align:center;line-height:1;font-size:50px}.elementor-widget-text-editor .elementor-drop-cap-letter{display:inline-block}<\/style>\t\t\t\tWi\u0119kszo\u015b\u0107 ubezpiecze\u0144 chroni Ci\u0119 przed finansowymi konsekwencjami rozmaitych, niefortunnych zdarze\u0144. Natomiast ubezpieczenie na \u017cycie to polisa, kt\u00f3r\u0105 kupujesz przede wszystkim z my\u015bl\u0105 o swoich bliskich. Oznacza to, \u017ce nawet gdy Ciebie zabraknie, zapewnisz swojej rodzinie bezpiecze\u0144stwo i niezale\u017cno\u015b\u0107 finansow\u0105.\t\t\t\t\t\t<\/div>\n\t\t\t\t<\/div>\n\t\t\t\t<div class=\"elementor-element elementor-element-f8d3f8f elementor-widget elementor-widget-heading\" data-id=\"f8d3f8f\" data-element_type=\"widget\" data-widget_type=\"heading.default\">\n\t\t\t\t<div class=\"elementor-widget-container\">\n\t\t\t<h1 class=\"elementor-heading-title elementor-size-default\">Jakie \u015bwiadczenia obejmuje ubezpieczenie na \u017cycie?<\/h1>\t\t<\/div>\n\t\t\t\t<\/div>\n\t\t\t\t<div class=\"elementor-element elementor-element-b820b93 elementor-widget elementor-widget-text-editor\" data-id=\"b820b93\" data-element_type=\"widget\" data-widget_type=\"text-editor.default\">\n\t\t\t\t<div class=\"elementor-widget-container\">\n\t\t\t\t\t\t\t<p>Zastanawiasz si\u0119, jakie \u015bwiadczenia przys\u0142uguj\u0105 z tytu\u0142u posiadania ubezpieczenia na \u017cycie? W razie \u015bmierci ubezpieczonego, taka polisa gwarantuje wyp\u0142at\u0119 \u015bwiadczenia osobom wskazanym w umowie.<\/p><p>Dodatkowe korzy\u015bci daje ubezpieczenie na \u017cycie i do\u017cycie. W przypadku takiej polisy, ubezpieczony mo\u017ce r\u00f3wnie\u017c otrzyma\u0107 \u015bwiadczenie za do\u017cycie okre\u015blonego wieku \u2013 z regu\u0142y koniec umowy takiego ubezpieczenia r\u00f3wnoznaczny jest z osi\u0105gni\u0119ciem wieku emerytalnego. Je\u015bli chcesz oszcz\u0119dza\u0107 pieni\u0105dze i w ten spos\u00f3b zadba\u0107 o spokojn\u0105 przysz\u0142o\u015b\u0107, taka opcja jest dla Ciebie.<\/p><p>Je\u017celi natomiast nie boisz si\u0119 ryzyka i interesuje Ci\u0119 mo\u017cliwo\u015b\u0107 pomna\u017cania got\u00f3wki, w ramach ubezpieczenia na \u017cycie mo\u017cesz r\u00f3wnie\u017c zainwestowa\u0107 w Ubezpieczeniowe Fundusze Kapita\u0142owe (UFK).<\/p>\t\t\t\t\t\t<\/div>\n\t\t\t\t<\/div>\n\t\t\t\t<div class=\"elementor-element elementor-element-34382f4 elementor-widget elementor-widget-heading\" data-id=\"34382f4\" data-element_type=\"widget\" data-widget_type=\"heading.default\">\n\t\t\t\t<div class=\"elementor-widget-container\">\n\t\t\t<h1 class=\"elementor-heading-title elementor-size-default\">Ubezpieczenie na \u017cycie dla seniora<\/h1>\t\t<\/div>\n\t\t\t\t<\/div>\n\t\t\t\t<div class=\"elementor-element elementor-element-136186b elementor-widget elementor-widget-text-editor\" data-id=\"136186b\" data-element_type=\"widget\" data-widget_type=\"text-editor.default\">\n\t\t\t\t<div class=\"elementor-widget-container\">\n\t\t\t\t\t\t\t<p>W przeciwie\u0144stwie do standardowych polis na \u017cycie, ubezpieczenie na \u017cycie dla seniora to specjalny produkt, w kt\u00f3rym nie okre\u015blono g\u00f3rnej granicy wiekowej. Oznacza to, \u017ce tak\u0105 polis\u0119 mo\u017ce wykupi\u0107 ka\u017cdy, bez wzgl\u0119du na wiek. Taka opcja umo\u017cliwia uzyskanie ochrony ubezpieczeniowej osobom nawet do 85 roku \u017cycia, a w przypadku \u015bmierci ubezpieczonego, jego rodzina otrzyma stosowne \u015bwiadczenie.<\/p><p>W przypadku bezterminowej polisy dla seniora, osoba ubezpieczona mo\u017ce okre\u015bli\u0107 wiek, do kt\u00f3rego b\u0119dzie op\u0142aca\u0142a sk\u0142adki. Po jego osi\u0105gni\u0119ciu, ubezpieczony nie musi ju\u017c ich op\u0142aca\u0107, a mimo to, ubezpieczenie wci\u0105\u017c dzia\u0142a i w razie \u015bmierci gwarantuje wyp\u0142at\u0119 \u015bwiadczenia osobom bliskim.<\/p>\t\t\t\t\t\t<\/div>\n\t\t\t\t<\/div>\n\t\t\t\t<div class=\"elementor-element elementor-element-43b3b88 elementor-widget elementor-widget-heading\" data-id=\"43b3b88\" data-element_type=\"widget\" data-widget_type=\"heading.default\">\n\t\t\t\t<div class=\"elementor-widget-container\">\n\t\t\t<h1 class=\"elementor-heading-title elementor-size-default\">Ubezpieczenie na \u017cycie dla rodziny<\/h1>\t\t<\/div>\n\t\t\t\t<\/div>\n\t\t\t\t<div class=\"elementor-element elementor-element-4999a44 elementor-widget elementor-widget-text-editor\" data-id=\"4999a44\" data-element_type=\"widget\" data-widget_type=\"text-editor.default\">\n\t\t\t\t<div class=\"elementor-widget-container\">\n\t\t\t\t\t\t\t<p>Ubezpieczenie na \u017cycie dla rodziny to polisa, kt\u00f3ra obejmuje ochron\u0105 dodatkowe osoby wskazane w umowie zawartej z ubezpieczycielem. Standardowa polisa na \u017cycie s\u0142u\u017cy osobom uposa\u017conym \u2013 wraz ze \u015bmierci\u0105 ubezpieczonego, otrzymuj\u0105 one \u015bwiadczenie. Natomiast w przypadku polisy na \u017cycie dla rodziny, to ubezpieczony mo\u017ce otrzyma\u0107 \u015bwiadczenie, je\u015bli obj\u0119ta tym ubezpieczeniem osoba poniesie \u015bmier\u0107.<\/p><p>Chcesz zadba\u0107 o sytuacj\u0119 materialn\u0105 swojej rodziny? Dobry Agent podpowie Ci, jakie ubezpieczenie na \u017cycie wybra\u0107.<\/p>\t\t\t\t\t\t<\/div>\n\t\t\t\t<\/div>\n\t\t\t\t\t<\/div>\n\t\t<\/div>\n\t\t\t\t\t\t\t<\/div>\n\t\t<\/section>\n\t\t\t\t\t\t\t<\/div>\n\t\t","protected":false},"excerpt":{"rendered":"<p>Ubezpieczenia na \u017cycie Ubezpieczenia na \u017cycie Wi\u0119kszo\u015b\u0107 ubezpiecze\u0144 chroni Ci\u0119 przed finansowymi konsekwencjami rozmaitych, niefortunnych zdarze\u0144. Natomiast ubezpieczenie na \u017cycie to polisa, kt\u00f3r\u0105 kupujesz przede wszystkim z my\u015bl\u0105 o swoich bliskich. Oznacza to, \u017ce nawet gdy Ciebie zabraknie, zapewnisz swojej rodzinie bezpiecze\u0144stwo i niezale\u017cno\u015b\u0107 finansow\u0105. Jakie \u015bwiadczenia obejmuje ubezpieczenie na \u017cycie? Zastanawiasz si\u0119, jakie \u015bwiadczenia [&hellip;]<\/p>\n","protected":false},"author":1,"featured_media":0,"parent":1212,"menu_order":0,"comment_status":"closed","ping_status":"closed","template":"","meta":{"ocean_post_layout":"full-screen","ocean_both_sidebars_style":"","ocean_both_sidebars_content_width":0,"ocean_both_sidebars_sidebars_width":0,"ocean_sidebar":"","ocean_second_sidebar":"","ocean_disable_margins":"enable","ocean_add_body_class":"","ocean_shortcode_before_top_bar":"","ocean_shortcode_after_top_bar":"","ocean_shortcode_before_header":"","ocean_shortcode_after_header":"","ocean_has_shortcode":"","ocean_shortcode_after_title":"","ocean_shortcode_before_footer_widgets":"","ocean_shortcode_after_footer_widgets":"","ocean_shortcode_before_footer_bottom":"","ocean_shortcode_after_footer_bottom":"","ocean_display_top_bar":"default","ocean_display_header":"default","ocean_header_style":"","ocean_center_header_left_menu":"","ocean_custom_header_template":"","ocean_custom_logo":0,"ocean_custom_retina_logo":0,"ocean_custom_logo_max_width":0,"ocean_custom_logo_tablet_max_width":0,"ocean_custom_logo_mobile_max_width":0,"ocean_custom_logo_max_height":0,"ocean_custom_logo_tablet_max_height":0,"ocean_custom_logo_mobile_max_height":0,"ocean_header_custom_menu":"","ocean_menu_typo_font_family":"","ocean_menu_typo_font_subset":"","ocean_menu_typo_font_size":0,"ocean_menu_typo_font_size_tablet":0,"ocean_menu_typo_font_size_mobile":0,"ocean_menu_typo_font_size_unit":"px","ocean_menu_typo_font_weight":"","ocean_menu_typo_font_weight_tablet":"","ocean_menu_typo_font_weight_mobile":"","ocean_menu_typo_transform":"","ocean_menu_typo_transform_tablet":"","ocean_menu_typo_transform_mobile":"","ocean_menu_typo_line_height":0,"ocean_menu_typo_line_height_tablet":0,"ocean_menu_typo_line_height_mobile":0,"ocean_menu_typo_line_height_unit":"","ocean_menu_typo_spacing":0,"ocean_menu_typo_spacing_tablet":0,"ocean_menu_typo_spacing_mobile":0,"ocean_menu_typo_spacing_unit":"","ocean_menu_link_color":"","ocean_menu_link_color_hover":"","ocean_menu_link_color_active":"","ocean_menu_link_background":"","ocean_menu_link_hover_background":"","ocean_menu_link_active_background":"","ocean_menu_social_links_bg":"","ocean_menu_social_hover_links_bg":"","ocean_menu_social_links_color":"","ocean_menu_social_hover_links_color":"","ocean_disable_title":"on","ocean_disable_heading":"default","ocean_post_title":"","ocean_post_subheading":"","ocean_post_title_style":"","ocean_post_title_background_color":"","ocean_post_title_background":0,"ocean_post_title_bg_image_position":"","ocean_post_title_bg_image_attachment":"","ocean_post_title_bg_image_repeat":"","ocean_post_title_bg_image_size":"","ocean_post_title_height":0,"ocean_post_title_bg_overlay":0.5,"ocean_post_title_bg_overlay_color":"","ocean_disable_breadcrumbs":"default","ocean_breadcrumbs_color":"","ocean_breadcrumbs_separator_color":"","ocean_breadcrumbs_links_color":"","ocean_breadcrumbs_links_hover_color":"","ocean_display_footer_widgets":"default","ocean_display_footer_bottom":"default","ocean_custom_footer_template":"","footnotes":""},"class_list":["post-1302","page","type-page","status-publish","hentry","entry"],"_links":{"self":[{"href":"https:\/\/www.eseguro.pl\/index.php?rest_route=\/wp\/v2\/pages\/1302","targetHints":{"allow":["GET"]}}],"collection":[{"href":"https:\/\/www.eseguro.pl\/index.php?rest_route=\/wp\/v2\/pages"}],"about":[{"href":"https:\/\/www.eseguro.pl\/index.php?rest_route=\/wp\/v2\/types\/page"}],"author":[{"embeddable":true,"href":"https:\/\/www.eseguro.pl\/index.php?rest_route=\/wp\/v2\/users\/1"}],"replies":[{"embeddable":true,"href":"https:\/\/www.eseguro.pl\/index.php?rest_route=%2Fwp%2Fv2%2Fcomments&post=1302"}],"version-history":[{"count":7,"href":"https:\/\/www.eseguro.pl\/index.php?rest_route=\/wp\/v2\/pages\/1302\/revisions"}],"predecessor-version":[{"id":1651,"href":"https:\/\/www.eseguro.pl\/index.php?rest_route=\/wp\/v2\/pages\/1302\/revisions\/1651"}],"up":[{"embeddable":true,"href":"https:\/\/www.eseguro.pl\/index.php?rest_route=\/wp\/v2\/pages\/1212"}],"wp:attachment":[{"href":"https:\/\/www.eseguro.pl\/index.php?rest_route=%2Fwp%2Fv2%2Fmedia&parent=1302"}],"curies":[{"name":"wp","href":"https:\/\/api.w.org\/{rel}","templated":true}]}}